{"id":281,"date":"2009-12-16T21:29:42","date_gmt":"2009-12-17T00:29:42","guid":{"rendered":"http:\/\/guillermopareja.com\/?page_id=281"},"modified":"2021-01-11T14:40:07","modified_gmt":"2021-01-11T17:40:07","slug":"contacto","status":"publish","type":"page","link":"https:\/\/guillermopareja.com\/de\/kontakt\/","title":{"rendered":"Kontakt"},"content":{"rendered":"<p>Wenn Sie mich aus irgendeinem Grund kontaktieren m\u00f6chten, hinterlassen Sie Ihre Nachricht und Ihre Informationen im unten stehenden Formular. Ich werde so schnell wie m\u00f6glich antworten.<\/p>\n<p>Danke f\u00fcr Ihr Interesse! \ud83d\ude42<\/p>\n\n<div class=\"wpcf7 no-js\" id=\"wpcf7-f3711-o1\" lang=\"en-US\" dir=\"ltr\">\n<div class=\"screen-reader-response\"><p role=\"status\" aria-live=\"polite\" aria-atomic=\"true\"><\/p> <ul><\/ul><\/div>\n<form action=\"\/de\/wp-json\/wp\/v2\/pages\/281#wpcf7-f3711-o1\" method=\"post\" class=\"wpcf7-form init\" aria-label=\"Contact form\" novalidate=\"novalidate\" data-status=\"init\" data-trp-original-action=\"\/de\/wp-json\/wp\/v2\/pages\/281#wpcf7-f3711-o1\">\n<div style=\"display: none;\">\n<input type=\"hidden\" name=\"_wpcf7\" value=\"3711\" \/>\n<input type=\"hidden\" name=\"_wpcf7_version\" value=\"5.9.8\" \/>\n<input type=\"hidden\" name=\"_wpcf7_locale\" value=\"en_US\" \/>\n<input type=\"hidden\" name=\"_wpcf7_unit_tag\" value=\"wpcf7-f3711-o1\" \/>\n<input type=\"hidden\" name=\"_wpcf7_container_post\" value=\"0\" \/>\n<input type=\"hidden\" name=\"_wpcf7_posted_data_hash\" value=\"\" \/>\n<\/div>\n<p>Name erforderlich)\n<\/p>\n<p><span class=\"wpcf7-form-control-wrap\" data-name=\"your-name\"><input size=\"40\" maxlength=\"400\" class=\"wpcf7-form-control wpcf7-text wpcf7-validates-as-required\" aria-required=\"true\" aria-invalid=\"false\" value=\"\" type=\"text\" name=\"your-name\" \/><\/span>\n<\/p>\n<p>Email (erforderlich)\n<\/p>\n<p><span class=\"wpcf7-form-control-wrap\" data-name=\"your-email\"><input size=\"40\" maxlength=\"400\" class=\"wpcf7-form-control wpcf7-email wpcf7-validates-as-required wpcf7-text wpcf7-validates-as-email\" aria-required=\"true\" aria-invalid=\"false\" value=\"\" type=\"email\" name=\"your-email\" \/><\/span>\n<\/p>\n<p>Botschaft\n<\/p>\n<p><span class=\"wpcf7-form-control-wrap\" data-name=\"your-message\"><textarea cols=\"40\" rows=\"10\" maxlength=\"2000\" class=\"wpcf7-form-control wpcf7-textarea\" aria-invalid=\"false\" name=\"your-message\"><\/textarea><\/span>\n<\/p>\n<p><span class=\"wpcf7-form-control-wrap\" data-name=\"checkbox-925\"><span class=\"wpcf7-form-control wpcf7-checkbox\"><\/span><\/span>\n<\/p>\n<p><input class=\"wpcf7-form-control wpcf7-submit has-spinner\" type=\"submit\" value=\"Senden!\" \/>\n<\/p><p style=\"display: none !important;\" class=\"akismet-fields-container\" data-prefix=\"_wpcf7_ak_\"><label>&#916;<textarea name=\"_wpcf7_ak_hp_textarea\" cols=\"45\" rows=\"8\" maxlength=\"100\"><\/textarea><\/label><input type=\"hidden\" id=\"ak_js_1\" name=\"_wpcf7_ak_js\" value=\"143\"\/><script>document.getElementById( \"ak_js_1\" ).setAttribute( \"value\", ( new Date() ).getTime() );<\/script><\/p><div class=\"wpcf7-response-output\" aria-hidden=\"true\"><\/div>\n<input type=\"hidden\" name=\"trp-form-language\" value=\"de\"\/><\/form>\n<\/div>","protected":false},"excerpt":{"rendered":"<p>Wenn Sie mich aus irgendeinem Grund kontaktieren m\u00f6chten, hinterlassen Sie Ihre Nachricht und Ihre Informationen im unten stehenden Formular. Ich werde so schnell wie m\u00f6glich antworten. Danke f\u00fcr Ihr Interesse! \ud83d\ude42<\/p>","protected":false},"author":1,"featured_media":0,"parent":0,"menu_order":2,"comment_status":"open","ping_status":"open","template":"","meta":{"footnotes":""},"class_list":["post-281","page","type-page","status-publish","hentry"],"aioseo_notices":[],"yoast_head":"<!-- This site is optimized with the Yoast SEO plugin v23.2 - https:\/\/yoast.com\/wordpress\/plugins\/seo\/ -->\n<title>Contacto - Marketing y Anal\u00edtica Digital<\/title>\n<meta name=\"robots\" content=\"index, follow, max-snippet:-1, max-image-preview:large, max-video-preview:-1\" \/>\n<link rel=\"canonical\" href=\"https:\/\/guillermopareja.com\/de\/kontakt\/\" \/>\n<meta property=\"og:locale\" content=\"de_DE\" \/>\n<meta property=\"og:type\" content=\"article\" \/>\n<meta property=\"og:title\" content=\"Contacto - Marketing y Anal\u00edtica Digital\" \/>\n<meta property=\"og:description\" content=\"Si quer\u00e9s ponerte en contacto conmigo por cualquier motivo dej\u00e1 tu mensaje y tus datos en el formulario de abajo, respondo en la brevedad posible. Gracias por tu inter\u00e9s! \ud83d\ude42\" \/>\n<meta property=\"og:url\" content=\"https:\/\/guillermopareja.com\/de\/kontakt\/\" \/>\n<meta property=\"og:site_name\" content=\"Marketing y Anal\u00edtica Digital\" \/>\n<meta property=\"article:publisher\" content=\"https:\/\/www.facebook.com\/consultorgoogleadwords\/\" \/>\n<meta property=\"article:modified_time\" content=\"2021-01-11T17:40:07+00:00\" \/>\n<meta name=\"twitter:card\" content=\"summary_large_image\" \/>\n<meta name=\"twitter:site\" content=\"@guillepareja\" \/>\n<script type=\"application\/ld+json\" class=\"yoast-schema-graph\">{\"@context\":\"https:\/\/schema.org\",\"@graph\":[{\"@type\":\"WebPage\",\"@id\":\"https:\/\/guillermopareja.com\/contacto\/\",\"url\":\"https:\/\/guillermopareja.com\/contacto\/\",\"name\":\"Contacto - Marketing y Anal\u00edtica Digital\",\"isPartOf\":{\"@id\":\"https:\/\/guillermopareja.com\/de\/#website\"},\"datePublished\":\"2009-12-17T00:29:42+00:00\",\"dateModified\":\"2021-01-11T17:40:07+00:00\",\"breadcrumb\":{\"@id\":\"https:\/\/guillermopareja.com\/contacto\/#breadcrumb\"},\"inLanguage\":\"de\",\"potentialAction\":[{\"@type\":\"ReadAction\",\"target\":[\"https:\/\/guillermopareja.com\/contacto\/\"]}]},{\"@type\":\"BreadcrumbList\",\"@id\":\"https:\/\/guillermopareja.com\/contacto\/#breadcrumb\",\"itemListElement\":[{\"@type\":\"ListItem\",\"position\":1,\"name\":\"Home\",\"item\":\"https:\/\/guillermopareja.com\/de\/\"},{\"@type\":\"ListItem\",\"position\":2,\"name\":\"Contacto\"}]},{\"@type\":\"WebSite\",\"@id\":\"https:\/\/guillermopareja.com\/de\/#website\",\"url\":\"https:\/\/guillermopareja.com\/de\/\",\"name\":\"Marketing y Anal\u00edtica Digital\",\"description\":\"Blog de Guillermo Pareja\",\"potentialAction\":[{\"@type\":\"SearchAction\",\"target\":{\"@type\":\"EntryPoint\",\"urlTemplate\":\"https:\/\/guillermopareja.com\/de\/?s={search_term_string}\"},\"query-input\":\"required name=search_term_string\"}],\"inLanguage\":\"de\"}]}<\/script>\n<!-- \/ Yoast SEO plugin. -->","yoast_head_json":{"title":"Contacto - Marketing y Anal\u00edtica Digital","robots":{"index":"index","follow":"follow","max-snippet":"max-snippet:-1","max-image-preview":"max-image-preview:large","max-video-preview":"max-video-preview:-1"},"canonical":"https:\/\/guillermopareja.com\/de\/kontakt\/","og_locale":"de_DE","og_type":"article","og_title":"Contacto - Marketing y Anal\u00edtica Digital","og_description":"Si quer\u00e9s ponerte en contacto conmigo por cualquier motivo dej\u00e1 tu mensaje y tus datos en el formulario de abajo, respondo en la brevedad posible. Gracias por tu inter\u00e9s! \ud83d\ude42","og_url":"https:\/\/guillermopareja.com\/de\/kontakt\/","og_site_name":"Marketing y Anal\u00edtica Digital","article_publisher":"https:\/\/www.facebook.com\/consultorgoogleadwords\/","article_modified_time":"2021-01-11T17:40:07+00:00","twitter_card":"summary_large_image","twitter_site":"@guillepareja","schema":{"@context":"https:\/\/schema.org","@graph":[{"@type":"WebPage","@id":"https:\/\/guillermopareja.com\/contacto\/","url":"https:\/\/guillermopareja.com\/contacto\/","name":"Contacto - Marketing y Anal\u00edtica Digital","isPartOf":{"@id":"https:\/\/guillermopareja.com\/de\/#website"},"datePublished":"2009-12-17T00:29:42+00:00","dateModified":"2021-01-11T17:40:07+00:00","breadcrumb":{"@id":"https:\/\/guillermopareja.com\/contacto\/#breadcrumb"},"inLanguage":"de","potentialAction":[{"@type":"ReadAction","target":["https:\/\/guillermopareja.com\/contacto\/"]}]},{"@type":"BreadcrumbList","@id":"https:\/\/guillermopareja.com\/contacto\/#breadcrumb","itemListElement":[{"@type":"ListItem","position":1,"name":"Home","item":"https:\/\/guillermopareja.com\/de\/"},{"@type":"ListItem","position":2,"name":"Contacto"}]},{"@type":"WebSite","@id":"https:\/\/guillermopareja.com\/de\/#website","url":"https:\/\/guillermopareja.com\/de\/","name":"Marketing y Anal\u00edtica Digital","description":"Blog de Guillermo Pareja","potentialAction":[{"@type":"SearchAction","target":{"@type":"EntryPoint","urlTemplate":"https:\/\/guillermopareja.com\/de\/?s={search_term_string}"},"query-input":"required name=search_term_string"}],"inLanguage":"de"}]}},"amp_enabled":true,"_links":{"self":[{"href":"https:\/\/guillermopareja.com\/de\/wp-json\/wp\/v2\/pages\/281"}],"collection":[{"href":"https:\/\/guillermopareja.com\/de\/wp-json\/wp\/v2\/pages"}],"about":[{"href":"https:\/\/guillermopareja.com\/de\/wp-json\/wp\/v2\/types\/page"}],"author":[{"embeddable":true,"href":"https:\/\/guillermopareja.com\/de\/wp-json\/wp\/v2\/users\/1"}],"replies":[{"embeddable":true,"href":"https:\/\/guillermopareja.com\/de\/wp-json\/wp\/v2\/comments?post=281"}],"version-history":[{"count":0,"href":"https:\/\/guillermopareja.com\/de\/wp-json\/wp\/v2\/pages\/281\/revisions"}],"wp:attachment":[{"href":"https:\/\/guillermopareja.com\/de\/wp-json\/wp\/v2\/media?parent=281"}],"curies":[{"name":"wp","href":"https:\/\/api.w.org\/{rel}","templated":true}]}}