{"id":560,"date":"2010-02-08T23:49:36","date_gmt":"2010-02-09T02:49:36","guid":{"rendered":"http:\/\/guillermopareja.com\/?page_id=560"},"modified":"2019-06-15T13:18:11","modified_gmt":"2019-06-15T16:18:11","slug":"libros-marketing-digital","status":"publish","type":"page","link":"https:\/\/guillermopareja.com\/de\/bucher-digital-marketing\/","title":{"rendered":"Digitale Marketingb\u00fccher"},"content":{"rendered":"<h2><a href=\"https:\/\/www.amazon.es\/dp\/B07R4CBT67\">Google Ads: Steigern Sie Ihren Umsatz mit Google.<\/a><img loading=\"lazy\" decoding=\"async\" class=\"wp-image-4214 size-full alignleft\" src=\"https:\/\/guillermopareja.com\/wp-content\/uploads\/2019\/06\/google-ads-aumenta-tus-ventas.jpg\" alt=\"\" width=\"250\" height=\"375\" srcset=\"https:\/\/guillermopareja.com\/wp-content\/uploads\/2019\/06\/google-ads-aumenta-tus-ventas.jpg 250w, https:\/\/guillermopareja.com\/wp-content\/uploads\/2019\/06\/google-ads-aumenta-tus-ventas-200x300.jpg 200w\" sizes=\"(max-width: 250px) 100vw, 250px\" \/><\/h2>\n<p>Dieses Buch ist ein Tool f\u00fcr Unternehmer, die Google Ads nutzen m\u00f6chten, um Leads und Verk\u00e4ufe zu generieren, aber aufgrund der Gr\u00f6\u00dfe ihres Unternehmens gezwungen sind, ihre eigenen Kampagnen zu erstellen und zu optimieren.<\/p>\n<p>Der Prozess der Kampagnenerstellung wird in 10 einfach zu befolgenden Schritten erl\u00e4utert. Wenn Sie mit dem Lesen des Buches fertig sind, k\u00f6nnen Sie Ihre eigenen Kampagnen erstellen, um die h\u00e4ufigsten Fehler zu vermeiden und die Schl\u00fcsselkonzepte zu kennen, mit denen Sie Ihre Ergebnisse im Laufe der Zeit verbessern k\u00f6nnen.<\/p>\n<p>Wenn Sie bereits \u00fcber aktive Google Ads-Kampagnen verf\u00fcgen, k\u00f6nnen Sie Tipps und Ratschl\u00e4ge nutzen, um Ihre Ergebnisse zu optimieren.<\/p>\n<p>Sie k\u00f6nnen das Buch unter folgendem Link kaufen: <a href=\"https:\/\/www.amazon.es\/dp\/B07R4CBT67\">Kaufen!<\/a><\/p>","protected":false},"excerpt":{"rendered":"<p>Google Ads: Steigern Sie Ihren Umsatz mit Google. Dieses Buch ist ein Tool f\u00fcr Unternehmer, die Google Ads nutzen m\u00f6chten, um Leads und Verk\u00e4ufe zu generieren, aber aufgrund der Gr\u00f6\u00dfe ihres Unternehmens gezwungen sind, ihre eigenen Kampagnen zu erstellen und zu optimieren. Der Prozess der Kampagnenerstellung wird in 10 ...<\/p>","protected":false},"author":1,"featured_media":0,"parent":0,"menu_order":2,"comment_status":"open","ping_status":"open","template":"","meta":{"footnotes":""},"class_list":["post-560","page","type-page","status-publish","hentry"],"aioseo_notices":[],"yoast_head":"<!-- This site is optimized with the Yoast SEO plugin v23.2 - https:\/\/yoast.com\/wordpress\/plugins\/seo\/ -->\n<title>Libros de Marketing Digital - Marketing y Anal\u00edtica Digital<\/title>\n<meta name=\"robots\" content=\"index, follow, max-snippet:-1, max-image-preview:large, max-video-preview:-1\" \/>\n<link rel=\"canonical\" href=\"https:\/\/guillermopareja.com\/de\/bucher-digital-marketing\/\" \/>\n<meta property=\"og:locale\" content=\"de_DE\" \/>\n<meta property=\"og:type\" content=\"article\" \/>\n<meta property=\"og:title\" content=\"Libros de Marketing Digital - Marketing y Anal\u00edtica Digital\" \/>\n<meta property=\"og:description\" content=\"Google Ads: Aumenta tus ventas con Google. Este libro es una herramienta para emprendedores que desean aprovechar Google Ads para generar contactos de clientes potenciales y ventas, pero que por el tama\u00f1o de su negocio se ven obligados a crear y optimizar sus propias campa\u00f1as. El proceso de creaci\u00f3n de campa\u00f1as est\u00e1 explicado en 10&hellip;\" \/>\n<meta property=\"og:url\" content=\"https:\/\/guillermopareja.com\/de\/bucher-digital-marketing\/\" \/>\n<meta property=\"og:site_name\" content=\"Marketing y Anal\u00edtica Digital\" \/>\n<meta property=\"article:publisher\" content=\"https:\/\/www.facebook.com\/consultorgoogleadwords\/\" \/>\n<meta property=\"article:modified_time\" content=\"2019-06-15T16:18:11+00:00\" \/>\n<meta property=\"og:image\" content=\"https:\/\/guillermopareja.com\/wp-content\/uploads\/2019\/06\/google-ads-aumenta-tus-ventas.jpg\" \/>\n<meta name=\"twitter:card\" content=\"summary_large_image\" \/>\n<meta name=\"twitter:site\" content=\"@guillepareja\" \/>\n<meta name=\"twitter:label1\" content=\"Gesch\u00e4tzte Lesezeit\" \/>\n\t<meta name=\"twitter:data1\" content=\"1\u00a0Minute\" \/>\n<script type=\"application\/ld+json\" class=\"yoast-schema-graph\">{\"@context\":\"https:\/\/schema.org\",\"@graph\":[{\"@type\":\"WebPage\",\"@id\":\"https:\/\/guillermopareja.com\/libros-marketing-digital\/\",\"url\":\"https:\/\/guillermopareja.com\/libros-marketing-digital\/\",\"name\":\"Libros de Marketing Digital - Marketing y Anal\u00edtica Digital\",\"isPartOf\":{\"@id\":\"https:\/\/guillermopareja.com\/de\/#website\"},\"primaryImageOfPage\":{\"@id\":\"https:\/\/guillermopareja.com\/libros-marketing-digital\/#primaryimage\"},\"image\":{\"@id\":\"https:\/\/guillermopareja.com\/libros-marketing-digital\/#primaryimage\"},\"thumbnailUrl\":\"https:\/\/guillermopareja.com\/wp-content\/uploads\/2019\/06\/google-ads-aumenta-tus-ventas.jpg\",\"datePublished\":\"2010-02-09T02:49:36+00:00\",\"dateModified\":\"2019-06-15T16:18:11+00:00\",\"breadcrumb\":{\"@id\":\"https:\/\/guillermopareja.com\/libros-marketing-digital\/#breadcrumb\"},\"inLanguage\":\"de\",\"potentialAction\":[{\"@type\":\"ReadAction\",\"target\":[\"https:\/\/guillermopareja.com\/libros-marketing-digital\/\"]}]},{\"@type\":\"ImageObject\",\"inLanguage\":\"de\",\"@id\":\"https:\/\/guillermopareja.com\/libros-marketing-digital\/#primaryimage\",\"url\":\"https:\/\/guillermopareja.com\/wp-content\/uploads\/2019\/06\/google-ads-aumenta-tus-ventas.jpg\",\"contentUrl\":\"https:\/\/guillermopareja.com\/wp-content\/uploads\/2019\/06\/google-ads-aumenta-tus-ventas.jpg\"},{\"@type\":\"BreadcrumbList\",\"@id\":\"https:\/\/guillermopareja.com\/libros-marketing-digital\/#breadcrumb\",\"itemListElement\":[{\"@type\":\"ListItem\",\"position\":1,\"name\":\"Home\",\"item\":\"https:\/\/guillermopareja.com\/de\/\"},{\"@type\":\"ListItem\",\"position\":2,\"name\":\"Libros de Marketing Digital\"}]},{\"@type\":\"WebSite\",\"@id\":\"https:\/\/guillermopareja.com\/de\/#website\",\"url\":\"https:\/\/guillermopareja.com\/de\/\",\"name\":\"Marketing y Anal\u00edtica Digital\",\"description\":\"Blog de Guillermo Pareja\",\"potentialAction\":[{\"@type\":\"SearchAction\",\"target\":{\"@type\":\"EntryPoint\",\"urlTemplate\":\"https:\/\/guillermopareja.com\/de\/?s={search_term_string}\"},\"query-input\":\"required name=search_term_string\"}],\"inLanguage\":\"de\"}]}<\/script>\n<!-- \/ Yoast SEO plugin. -->","yoast_head_json":{"title":"Libros de Marketing Digital - Marketing y Anal\u00edtica Digital","robots":{"index":"index","follow":"follow","max-snippet":"max-snippet:-1","max-image-preview":"max-image-preview:large","max-video-preview":"max-video-preview:-1"},"canonical":"https:\/\/guillermopareja.com\/de\/bucher-digital-marketing\/","og_locale":"de_DE","og_type":"article","og_title":"Libros de Marketing Digital - Marketing y Anal\u00edtica Digital","og_description":"Google Ads: Aumenta tus ventas con Google. Este libro es una herramienta para emprendedores que desean aprovechar Google Ads para generar contactos de clientes potenciales y ventas, pero que por el tama\u00f1o de su negocio se ven obligados a crear y optimizar sus propias campa\u00f1as. El proceso de creaci\u00f3n de campa\u00f1as est\u00e1 explicado en 10&hellip;","og_url":"https:\/\/guillermopareja.com\/de\/bucher-digital-marketing\/","og_site_name":"Marketing y Anal\u00edtica Digital","article_publisher":"https:\/\/www.facebook.com\/consultorgoogleadwords\/","article_modified_time":"2019-06-15T16:18:11+00:00","og_image":[{"url":"https:\/\/guillermopareja.com\/wp-content\/uploads\/2019\/06\/google-ads-aumenta-tus-ventas.jpg"}],"twitter_card":"summary_large_image","twitter_site":"@guillepareja","twitter_misc":{"Gesch\u00e4tzte Lesezeit":"1\u00a0Minute"},"schema":{"@context":"https:\/\/schema.org","@graph":[{"@type":"WebPage","@id":"https:\/\/guillermopareja.com\/libros-marketing-digital\/","url":"https:\/\/guillermopareja.com\/libros-marketing-digital\/","name":"Libros de Marketing Digital - Marketing y Anal\u00edtica Digital","isPartOf":{"@id":"https:\/\/guillermopareja.com\/de\/#website"},"primaryImageOfPage":{"@id":"https:\/\/guillermopareja.com\/libros-marketing-digital\/#primaryimage"},"image":{"@id":"https:\/\/guillermopareja.com\/libros-marketing-digital\/#primaryimage"},"thumbnailUrl":"https:\/\/guillermopareja.com\/wp-content\/uploads\/2019\/06\/google-ads-aumenta-tus-ventas.jpg","datePublished":"2010-02-09T02:49:36+00:00","dateModified":"2019-06-15T16:18:11+00:00","breadcrumb":{"@id":"https:\/\/guillermopareja.com\/libros-marketing-digital\/#breadcrumb"},"inLanguage":"de","potentialAction":[{"@type":"ReadAction","target":["https:\/\/guillermopareja.com\/libros-marketing-digital\/"]}]},{"@type":"ImageObject","inLanguage":"de","@id":"https:\/\/guillermopareja.com\/libros-marketing-digital\/#primaryimage","url":"https:\/\/guillermopareja.com\/wp-content\/uploads\/2019\/06\/google-ads-aumenta-tus-ventas.jpg","contentUrl":"https:\/\/guillermopareja.com\/wp-content\/uploads\/2019\/06\/google-ads-aumenta-tus-ventas.jpg"},{"@type":"BreadcrumbList","@id":"https:\/\/guillermopareja.com\/libros-marketing-digital\/#breadcrumb","itemListElement":[{"@type":"ListItem","position":1,"name":"Home","item":"https:\/\/guillermopareja.com\/de\/"},{"@type":"ListItem","position":2,"name":"Libros de Marketing Digital"}]},{"@type":"WebSite","@id":"https:\/\/guillermopareja.com\/de\/#website","url":"https:\/\/guillermopareja.com\/de\/","name":"Marketing y Anal\u00edtica Digital","description":"Blog de Guillermo Pareja","potentialAction":[{"@type":"SearchAction","target":{"@type":"EntryPoint","urlTemplate":"https:\/\/guillermopareja.com\/de\/?s={search_term_string}"},"query-input":"required name=search_term_string"}],"inLanguage":"de"}]}},"amp_enabled":true,"_links":{"self":[{"href":"https:\/\/guillermopareja.com\/de\/wp-json\/wp\/v2\/pages\/560"}],"collection":[{"href":"https:\/\/guillermopareja.com\/de\/wp-json\/wp\/v2\/pages"}],"about":[{"href":"https:\/\/guillermopareja.com\/de\/wp-json\/wp\/v2\/types\/page"}],"author":[{"embeddable":true,"href":"https:\/\/guillermopareja.com\/de\/wp-json\/wp\/v2\/users\/1"}],"replies":[{"embeddable":true,"href":"https:\/\/guillermopareja.com\/de\/wp-json\/wp\/v2\/comments?post=560"}],"version-history":[{"count":0,"href":"https:\/\/guillermopareja.com\/de\/wp-json\/wp\/v2\/pages\/560\/revisions"}],"wp:attachment":[{"href":"https:\/\/guillermopareja.com\/de\/wp-json\/wp\/v2\/media?parent=560"}],"curies":[{"name":"wp","href":"https:\/\/api.w.org\/{rel}","templated":true}]}}