{"id":739,"date":"2010-06-28T22:52:19","date_gmt":"2010-06-29T01:52:19","guid":{"rendered":"http:\/\/guillermopareja.com\/?page_id=739"},"modified":"2018-11-15T22:39:27","modified_gmt":"2018-11-16T01:39:27","slug":"consultoria-marketing-digital","status":"publish","type":"page","link":"https:\/\/guillermopareja.com\/de\/beratung-digital-marketing\/","title":{"rendered":"Beratung f\u00fcr digitales Marketing"},"content":{"rendered":"<p><img loading=\"lazy\" decoding=\"async\" class=\"size-large wp-image-3899 alignleft\" src=\"https:\/\/guillermopareja.com\/wp-content\/uploads\/2018\/11\/guillermo-pareja-2018.jpg\" alt=\"\" width=\"250\" height=\"250\" \/>Ich helfe Marken und Unternehmen jeder Gr\u00f6\u00dfe, die Ergebnisse ihrer digitalen Marketingaktionen zu optimieren.<\/p>\n<p>Wenn Sie eine Agentur beauftragen, die nicht die gew\u00fcnschten Ergebnisse erzielt, oder die Kampagnen Ihres eigenen Unternehmens verwalten und festgestellt haben, dass es Zeit ist, zu wachsen, kann ich Ihnen helfen.<\/p>\n<p><strong><span style=\"color: #008000;\">Ich verwalte mehr als US$1.200.000<\/span><\/strong> pro Jahr f\u00fcr Kunden aus verschiedenen L\u00e4ndern wie Argentinien, Mexiko, Peru, Spanien und den USA.<\/p>\n<p>Ich arbeite haupts\u00e4chlich daran, Leads und E-Commerce-Verk\u00e4ufe f\u00fcr meine Kunden zu generieren, mit a <strong>starker Fokus auf Gesch\u00e4ftsziele und Kapitalrendite<\/strong>.<\/p>\n<p><strong>Einige meiner Kunden sind:<\/strong> <a href=\"http:\/\/accenture.com\/ar-es\/careers\/\">Accenture<\/a>, <a href=\"http:\/\/redcoachusa.com\/\">Roter Trainer USA<\/a>, <a href=\"http:\/\/www.ritzycharters.com\/\">Ritzy Charters<\/a>,\u00a0<a href=\"https:\/\/superpet.pe\/\">Superpet.pe<\/a>, <a href=\"http:\/\/flyzar.com\/\">Flyzar<\/a>,\u00a0<a href=\"http:\/\/www.autodrive.com.ar\">AutoDrive<\/a>,\u00a0<a href=\"http:\/\/progenitest.com.ar\/\">ProgeniTest<\/a>, unter anderen.<\/p>\n<p><strong>Ich arbeite nach einem Prozess:<\/strong><\/p>\n<ol>\n<li>Ich entlaste die Ziele Ihres Gesch\u00e4fts.<\/li>\n<li>Gemeinsam legen wir die Hauptleistungsindikatoren f\u00fcr Ihre Kampagnen fest.<\/li>\n<li>Ich erstelle einen personalisierten Plan f\u00fcr integrales digitales Marketing f\u00fcr Ihr Unternehmen.<\/li>\n<li>Ich analysiere die erzielten Ergebnisse, um die Leistung Ihrer Kampagnen zu optimieren.<\/li>\n<li>Ich optimiere Ihre Kampagnen gem\u00e4\u00df den Ergebnissen der Analyse.<\/li>\n<\/ol>\n<p><strong>Einige der Tools, mit denen ich Ihre Ziele erreiche:<\/strong><\/p>\n<p><strong>Medien: <\/strong>Google Werbung<strong>, <\/strong>Facebook-Anzeigen<strong>, <\/strong>Twitter-Anzeigen, E-Mail-Marketing und soziale Medien.<\/p>\n<p><strong>Digitale Analytik:<\/strong> Google Analytics, Google Tag Manager, Heatmaps, Online-Umfragen usw.<\/p>\n<p>Auf diese Weise decken wir von der Generierung von Traffic und Kontakten \/ Verk\u00e4ufen bis zur anschlie\u00dfenden Analyse der Ergebnisse zur Optimierung Ihrer Kapitalrendite ab.<\/p>\n<p>Bei meinen gr\u00f6\u00dferen Kunden arbeite ich normalerweise in ganz bestimmten Bereichen ihrer Anforderungen an digitales Marketing, w\u00e4hrend ich bei meinen kleineren Kunden ihre digitale Pr\u00e4senz auf ganzheitliche Weise verwalte.<\/p>\n<p>Wenn Sie eine Hand brauchen, z\u00f6gern Sie nicht, mich durch zu kontaktieren <a href=\"https:\/\/guillermopareja.com\/de\/kontakt\/\">Kontakt Formular<\/a> oder f\u00fcge mich hinzu <a href=\"https:\/\/ar.linkedin.com\/in\/guillermoparejab\">LinkedIn<\/a>.<\/p>","protected":false},"excerpt":{"rendered":"<p>Ich helfe Marken und Unternehmen jeder Gr\u00f6\u00dfe, die Ergebnisse ihrer digitalen Marketingaktionen zu optimieren. Wenn Sie eine Agentur beauftragen, die nicht die gew\u00fcnschten Ergebnisse erzielt, oder die Kampagnen Ihres eigenen Unternehmens verwalten und festgestellt haben, dass es Zeit ist, zu wachsen, kann ich Ihnen helfen. Ich verwalte mehr als US$1.200.000, um ...<\/p>","protected":false},"author":1,"featured_media":0,"parent":0,"menu_order":0,"comment_status":"open","ping_status":"open","template":"","meta":{"footnotes":""},"class_list":["post-739","page","type-page","status-publish","hentry"],"aioseo_notices":[],"yoast_head":"<!-- This site is optimized with the Yoast SEO plugin v23.2 - https:\/\/yoast.com\/wordpress\/plugins\/seo\/ -->\n<title>Consultor de Marketing Digital, Google Ads y Google Analytics - Guillermo Pareja<\/title>\n<meta name=\"description\" content=\"Consultor\u00eda de Google Adwords y Marketing en Motores de B\u00fasqueda de Guillermo Pareja.\" \/>\n<meta name=\"robots\" content=\"index, follow, max-snippet:-1, max-image-preview:large, max-video-preview:-1\" \/>\n<link rel=\"canonical\" href=\"https:\/\/guillermopareja.com\/de\/beratung-digital-marketing\/\" \/>\n<meta property=\"og:locale\" content=\"de_DE\" \/>\n<meta property=\"og:type\" content=\"article\" \/>\n<meta property=\"og:title\" content=\"Consultor de Marketing Digital, Google Ads y Google Analytics - Guillermo Pareja\" \/>\n<meta property=\"og:description\" content=\"Consultor\u00eda de Google Adwords y Marketing en Motores de B\u00fasqueda de Guillermo Pareja.\" \/>\n<meta property=\"og:url\" content=\"https:\/\/guillermopareja.com\/de\/beratung-digital-marketing\/\" \/>\n<meta property=\"og:site_name\" content=\"Marketing y Anal\u00edtica Digital\" \/>\n<meta property=\"article:publisher\" content=\"https:\/\/www.facebook.com\/consultorgoogleadwords\/\" \/>\n<meta property=\"article:modified_time\" content=\"2018-11-16T01:39:27+00:00\" \/>\n<meta property=\"og:image\" content=\"https:\/\/guillermopareja.com\/wp-content\/uploads\/2018\/11\/guillermo-pareja-2018.jpg\" \/>\n<meta name=\"twitter:card\" content=\"summary_large_image\" \/>\n<meta name=\"twitter:site\" content=\"@guillepareja\" \/>\n<meta name=\"twitter:label1\" content=\"Gesch\u00e4tzte Lesezeit\" \/>\n\t<meta name=\"twitter:data1\" content=\"1\u00a0Minute\" \/>\n<script type=\"application\/ld+json\" class=\"yoast-schema-graph\">{\"@context\":\"https:\/\/schema.org\",\"@graph\":[{\"@type\":\"WebPage\",\"@id\":\"https:\/\/guillermopareja.com\/consultoria-marketing-digital\/\",\"url\":\"https:\/\/guillermopareja.com\/consultoria-marketing-digital\/\",\"name\":\"Consultor de Marketing Digital, Google Ads y Google Analytics - Guillermo Pareja\",\"isPartOf\":{\"@id\":\"https:\/\/guillermopareja.com\/de\/#website\"},\"primaryImageOfPage\":{\"@id\":\"https:\/\/guillermopareja.com\/consultoria-marketing-digital\/#primaryimage\"},\"image\":{\"@id\":\"https:\/\/guillermopareja.com\/consultoria-marketing-digital\/#primaryimage\"},\"thumbnailUrl\":\"https:\/\/guillermopareja.com\/wp-content\/uploads\/2018\/11\/guillermo-pareja-2018.jpg\",\"datePublished\":\"2010-06-29T01:52:19+00:00\",\"dateModified\":\"2018-11-16T01:39:27+00:00\",\"description\":\"Consultor\u00eda de Google Adwords y Marketing en Motores de B\u00fasqueda de Guillermo Pareja.\",\"breadcrumb\":{\"@id\":\"https:\/\/guillermopareja.com\/consultoria-marketing-digital\/#breadcrumb\"},\"inLanguage\":\"de\",\"potentialAction\":[{\"@type\":\"ReadAction\",\"target\":[\"https:\/\/guillermopareja.com\/consultoria-marketing-digital\/\"]}]},{\"@type\":\"ImageObject\",\"inLanguage\":\"de\",\"@id\":\"https:\/\/guillermopareja.com\/consultoria-marketing-digital\/#primaryimage\",\"url\":\"https:\/\/guillermopareja.com\/wp-content\/uploads\/2018\/11\/guillermo-pareja-2018.jpg\",\"contentUrl\":\"https:\/\/guillermopareja.com\/wp-content\/uploads\/2018\/11\/guillermo-pareja-2018.jpg\"},{\"@type\":\"BreadcrumbList\",\"@id\":\"https:\/\/guillermopareja.com\/consultoria-marketing-digital\/#breadcrumb\",\"itemListElement\":[{\"@type\":\"ListItem\",\"position\":1,\"name\":\"Home\",\"item\":\"https:\/\/guillermopareja.com\/de\/\"},{\"@type\":\"ListItem\",\"position\":2,\"name\":\"Consultor\u00eda de Marketing Digital\"}]},{\"@type\":\"WebSite\",\"@id\":\"https:\/\/guillermopareja.com\/de\/#website\",\"url\":\"https:\/\/guillermopareja.com\/de\/\",\"name\":\"Marketing y Anal\u00edtica Digital\",\"description\":\"Blog de Guillermo Pareja\",\"potentialAction\":[{\"@type\":\"SearchAction\",\"target\":{\"@type\":\"EntryPoint\",\"urlTemplate\":\"https:\/\/guillermopareja.com\/de\/?s={search_term_string}\"},\"query-input\":\"required name=search_term_string\"}],\"inLanguage\":\"de\"}]}<\/script>\n<!-- \/ Yoast SEO plugin. -->","yoast_head_json":{"title":"Consultor de Marketing Digital, Google Ads y Google Analytics - Guillermo Pareja","description":"Consultor\u00eda de Google Adwords y Marketing en Motores de B\u00fasqueda de Guillermo Pareja.","robots":{"index":"index","follow":"follow","max-snippet":"max-snippet:-1","max-image-preview":"max-image-preview:large","max-video-preview":"max-video-preview:-1"},"canonical":"https:\/\/guillermopareja.com\/de\/beratung-digital-marketing\/","og_locale":"de_DE","og_type":"article","og_title":"Consultor de Marketing Digital, Google Ads y Google Analytics - Guillermo Pareja","og_description":"Consultor\u00eda de Google Adwords y Marketing en Motores de B\u00fasqueda de Guillermo Pareja.","og_url":"https:\/\/guillermopareja.com\/de\/beratung-digital-marketing\/","og_site_name":"Marketing y Anal\u00edtica Digital","article_publisher":"https:\/\/www.facebook.com\/consultorgoogleadwords\/","article_modified_time":"2018-11-16T01:39:27+00:00","og_image":[{"url":"https:\/\/guillermopareja.com\/wp-content\/uploads\/2018\/11\/guillermo-pareja-2018.jpg"}],"twitter_card":"summary_large_image","twitter_site":"@guillepareja","twitter_misc":{"Gesch\u00e4tzte Lesezeit":"1\u00a0Minute"},"schema":{"@context":"https:\/\/schema.org","@graph":[{"@type":"WebPage","@id":"https:\/\/guillermopareja.com\/consultoria-marketing-digital\/","url":"https:\/\/guillermopareja.com\/consultoria-marketing-digital\/","name":"Consultor de Marketing Digital, Google Ads y Google Analytics - Guillermo Pareja","isPartOf":{"@id":"https:\/\/guillermopareja.com\/de\/#website"},"primaryImageOfPage":{"@id":"https:\/\/guillermopareja.com\/consultoria-marketing-digital\/#primaryimage"},"image":{"@id":"https:\/\/guillermopareja.com\/consultoria-marketing-digital\/#primaryimage"},"thumbnailUrl":"https:\/\/guillermopareja.com\/wp-content\/uploads\/2018\/11\/guillermo-pareja-2018.jpg","datePublished":"2010-06-29T01:52:19+00:00","dateModified":"2018-11-16T01:39:27+00:00","description":"Consultor\u00eda de Google Adwords y Marketing en Motores de B\u00fasqueda de Guillermo Pareja.","breadcrumb":{"@id":"https:\/\/guillermopareja.com\/consultoria-marketing-digital\/#breadcrumb"},"inLanguage":"de","potentialAction":[{"@type":"ReadAction","target":["https:\/\/guillermopareja.com\/consultoria-marketing-digital\/"]}]},{"@type":"ImageObject","inLanguage":"de","@id":"https:\/\/guillermopareja.com\/consultoria-marketing-digital\/#primaryimage","url":"https:\/\/guillermopareja.com\/wp-content\/uploads\/2018\/11\/guillermo-pareja-2018.jpg","contentUrl":"https:\/\/guillermopareja.com\/wp-content\/uploads\/2018\/11\/guillermo-pareja-2018.jpg"},{"@type":"BreadcrumbList","@id":"https:\/\/guillermopareja.com\/consultoria-marketing-digital\/#breadcrumb","itemListElement":[{"@type":"ListItem","position":1,"name":"Home","item":"https:\/\/guillermopareja.com\/de\/"},{"@type":"ListItem","position":2,"name":"Consultor\u00eda de Marketing Digital"}]},{"@type":"WebSite","@id":"https:\/\/guillermopareja.com\/de\/#website","url":"https:\/\/guillermopareja.com\/de\/","name":"Marketing y Anal\u00edtica Digital","description":"Blog de Guillermo Pareja","potentialAction":[{"@type":"SearchAction","target":{"@type":"EntryPoint","urlTemplate":"https:\/\/guillermopareja.com\/de\/?s={search_term_string}"},"query-input":"required name=search_term_string"}],"inLanguage":"de"}]}},"amp_enabled":true,"_links":{"self":[{"href":"https:\/\/guillermopareja.com\/de\/wp-json\/wp\/v2\/pages\/739"}],"collection":[{"href":"https:\/\/guillermopareja.com\/de\/wp-json\/wp\/v2\/pages"}],"about":[{"href":"https:\/\/guillermopareja.com\/de\/wp-json\/wp\/v2\/types\/page"}],"author":[{"embeddable":true,"href":"https:\/\/guillermopareja.com\/de\/wp-json\/wp\/v2\/users\/1"}],"replies":[{"embeddable":true,"href":"https:\/\/guillermopareja.com\/de\/wp-json\/wp\/v2\/comments?post=739"}],"version-history":[{"count":0,"href":"https:\/\/guillermopareja.com\/de\/wp-json\/wp\/v2\/pages\/739\/revisions"}],"wp:attachment":[{"href":"https:\/\/guillermopareja.com\/de\/wp-json\/wp\/v2\/media?parent=739"}],"curies":[{"name":"wp","href":"https:\/\/api.w.org\/{rel}","templated":true}]}}