{"id":739,"date":"2010-06-28T22:52:19","date_gmt":"2010-06-29T01:52:19","guid":{"rendered":"http:\/\/guillermopareja.com\/?page_id=739"},"modified":"2018-11-15T22:39:27","modified_gmt":"2018-11-16T01:39:27","slug":"consultoria-marketing-digital","status":"publish","type":"page","link":"https:\/\/guillermopareja.com\/es_es\/consultoria-marketing-digital\/","title":{"rendered":"Consultor\u00eda de Marketing Digital"},"content":{"rendered":"<p><img loading=\"lazy\" decoding=\"async\" class=\"size-large wp-image-3899 alignleft\" src=\"https:\/\/guillermopareja.com\/wp-content\/uploads\/2018\/11\/guillermo-pareja-2018.jpg\" alt=\"\" width=\"250\" height=\"250\" \/>Ayudo a marcas y empresas de todos los tama\u00f1os a optimizar los resultados que obtienen de sus acciones de Marketing Digital.<\/p>\n<p>Si contratas\u00a0una agencia que no genera los resultados que buscas o administras las campa\u00f1as de tu propio emprendimiento y te diste cuenta que es tiempo de crecer, puedo ayudarte.<\/p>\n<p><strong><span style=\"color: #008000;\">Administro m\u00e1s de US$1.200.000<\/span><\/strong> al a\u00f1o para clientes de distintos pa\u00edses tales como: Argentina, M\u00e9xico, Per\u00fa, Espa\u00f1a y USA.<\/p>\n<p>Trabajo principalmente generando leads (clientes potenciales) y ventas de comercio electr\u00f3nico para mis clientes, con un <strong>fuerte enfoque\u00a0en objetivos comerciales y retorno a la inversi\u00f3n<\/strong>.<\/p>\n<p><strong>Algunos de mis clientes son:<\/strong> <a href=\"http:\/\/accenture.com\/ar-es\/careers\/\">Accenture<\/a>, <a href=\"http:\/\/redcoachusa.com\/\">Red Coach USA<\/a>, <a href=\"http:\/\/www.ritzycharters.com\/\">Ritzy Charters<\/a>,\u00a0<a href=\"https:\/\/superpet.pe\/\">Superpet.pe<\/a>, <a href=\"http:\/\/flyzar.com\/\">Flyzar<\/a>,\u00a0<a href=\"http:\/\/www.autodrive.com.ar\">AutoDrive<\/a>,\u00a0<a href=\"http:\/\/progenitest.com.ar\/\">ProgeniTest<\/a>, entre otros.<\/p>\n<p><strong>Trabajo siguiendo un proceso:<\/strong><\/p>\n<ol>\n<li>Relevo los objetivos de tu negocio.<\/li>\n<li>Juntos establecemos los Indicadores Principales de Rendimiento para tus campa\u00f1as.<\/li>\n<li>Creo un plan de Marketing Digital Integral personalizado para tu negocio.<\/li>\n<li>Analizo los resultados generados para optimizar el rendimiento de tus campa\u00f1as.<\/li>\n<li>Optimizo tus campa\u00f1as seg\u00fan los resultados del an\u00e1lisis.<\/li>\n<\/ol>\n<p><strong>Algunas de las herramientas que utilizo para cumplir tus objetivos:<\/strong><\/p>\n<p><strong>Medios: <\/strong>Google AdWords<strong>, <\/strong>Facebook Ads<strong>, <\/strong>Twitter Ads, Email Marketing y Social Media.<\/p>\n<p><strong>Anal\u00edtica Digital:<\/strong> Google Analytics, Google Tag Manager, Mapas de Calor, Encuestas Online, etc.<\/p>\n<p>De este modo abarcamos desde la generaci\u00f3n de tr\u00e1fico y contactos\/ventas, hasta el posterior an\u00e1lisis de resultados para la optimizaci\u00f3n de tu retorno a la inversi\u00f3n.<\/p>\n<p>Con mis clientes m\u00e1s grandes normalmente trabajo \u00e1reas bastante espec\u00edficas de sus necesidades de Marketing Digital, mientras que con mis clientes m\u00e1s peque\u00f1os gestiono su presencia digital de forma integral.<\/p>\n<p>Si necesitas una mano, no dudes en contactarme a trav\u00e9s del <a href=\"http:\/\/guillermopareja.com\/contacto\">Formulario de Contacto<\/a> o agregarme en <a href=\"https:\/\/ar.linkedin.com\/in\/guillermoparejab\">LinkedIn<\/a>.<\/p>\n","protected":false},"excerpt":{"rendered":"<p>Ayudo a marcas y empresas de todos los tama\u00f1os a optimizar los resultados que obtienen de sus acciones de Marketing Digital. Si contratas\u00a0una agencia que no genera los resultados que buscas o administras las campa\u00f1as de tu propio emprendimiento y te diste cuenta que es tiempo de crecer, puedo ayudarte. Administro m\u00e1s de US$1.200.000 al&hellip;<\/p>\n","protected":false},"author":1,"featured_media":0,"parent":0,"menu_order":0,"comment_status":"open","ping_status":"open","template":"","meta":{"footnotes":""},"class_list":["post-739","page","type-page","status-publish","hentry"],"aioseo_notices":[],"yoast_head":"<!-- This site is optimized with the Yoast SEO plugin v23.2 - https:\/\/yoast.com\/wordpress\/plugins\/seo\/ -->\n<title>Consultor de Marketing Digital, Google Ads y Google Analytics - Guillermo Pareja<\/title>\n<meta name=\"description\" content=\"Consultor\u00eda de Google Adwords y Marketing en Motores de B\u00fasqueda de Guillermo Pareja.\" \/>\n<meta name=\"robots\" content=\"index, follow, max-snippet:-1, max-image-preview:large, max-video-preview:-1\" \/>\n<link rel=\"canonical\" href=\"https:\/\/guillermopareja.com\/es_es\/consultoria-marketing-digital\/\" \/>\n<meta property=\"og:locale\" content=\"es_ES\" \/>\n<meta property=\"og:type\" content=\"article\" \/>\n<meta property=\"og:title\" content=\"Consultor de Marketing Digital, Google Ads y Google Analytics - Guillermo Pareja\" \/>\n<meta property=\"og:description\" content=\"Consultor\u00eda de Google Adwords y Marketing en Motores de B\u00fasqueda de Guillermo Pareja.\" \/>\n<meta property=\"og:url\" content=\"https:\/\/guillermopareja.com\/es_es\/consultoria-marketing-digital\/\" \/>\n<meta property=\"og:site_name\" content=\"Marketing y Anal\u00edtica Digital\" \/>\n<meta property=\"article:publisher\" content=\"https:\/\/www.facebook.com\/consultorgoogleadwords\/\" \/>\n<meta property=\"article:modified_time\" content=\"2018-11-16T01:39:27+00:00\" \/>\n<meta property=\"og:image\" content=\"https:\/\/guillermopareja.com\/wp-content\/uploads\/2018\/11\/guillermo-pareja-2018.jpg\" \/>\n<meta name=\"twitter:card\" content=\"summary_large_image\" \/>\n<meta name=\"twitter:site\" content=\"@guillepareja\" \/>\n<meta name=\"twitter:label1\" content=\"Tiempo de lectura\" \/>\n\t<meta name=\"twitter:data1\" content=\"1 minuto\" \/>\n<script type=\"application\/ld+json\" class=\"yoast-schema-graph\">{\"@context\":\"https:\/\/schema.org\",\"@graph\":[{\"@type\":\"WebPage\",\"@id\":\"https:\/\/guillermopareja.com\/consultoria-marketing-digital\/\",\"url\":\"https:\/\/guillermopareja.com\/consultoria-marketing-digital\/\",\"name\":\"Consultor de Marketing Digital, Google Ads y Google Analytics - Guillermo Pareja\",\"isPartOf\":{\"@id\":\"https:\/\/guillermopareja.com\/de\/#website\"},\"primaryImageOfPage\":{\"@id\":\"https:\/\/guillermopareja.com\/consultoria-marketing-digital\/#primaryimage\"},\"image\":{\"@id\":\"https:\/\/guillermopareja.com\/consultoria-marketing-digital\/#primaryimage\"},\"thumbnailUrl\":\"https:\/\/guillermopareja.com\/wp-content\/uploads\/2018\/11\/guillermo-pareja-2018.jpg\",\"datePublished\":\"2010-06-29T01:52:19+00:00\",\"dateModified\":\"2018-11-16T01:39:27+00:00\",\"description\":\"Consultor\u00eda de Google Adwords y Marketing en Motores de B\u00fasqueda de Guillermo Pareja.\",\"breadcrumb\":{\"@id\":\"https:\/\/guillermopareja.com\/consultoria-marketing-digital\/#breadcrumb\"},\"inLanguage\":\"es\",\"potentialAction\":[{\"@type\":\"ReadAction\",\"target\":[\"https:\/\/guillermopareja.com\/consultoria-marketing-digital\/\"]}]},{\"@type\":\"ImageObject\",\"inLanguage\":\"es\",\"@id\":\"https:\/\/guillermopareja.com\/consultoria-marketing-digital\/#primaryimage\",\"url\":\"https:\/\/guillermopareja.com\/wp-content\/uploads\/2018\/11\/guillermo-pareja-2018.jpg\",\"contentUrl\":\"https:\/\/guillermopareja.com\/wp-content\/uploads\/2018\/11\/guillermo-pareja-2018.jpg\"},{\"@type\":\"BreadcrumbList\",\"@id\":\"https:\/\/guillermopareja.com\/consultoria-marketing-digital\/#breadcrumb\",\"itemListElement\":[{\"@type\":\"ListItem\",\"position\":1,\"name\":\"Home\",\"item\":\"https:\/\/guillermopareja.com\/de\/\"},{\"@type\":\"ListItem\",\"position\":2,\"name\":\"Consultor\u00eda de Marketing Digital\"}]},{\"@type\":\"WebSite\",\"@id\":\"https:\/\/guillermopareja.com\/de\/#website\",\"url\":\"https:\/\/guillermopareja.com\/de\/\",\"name\":\"Marketing y Anal\u00edtica Digital\",\"description\":\"Blog de Guillermo Pareja\",\"potentialAction\":[{\"@type\":\"SearchAction\",\"target\":{\"@type\":\"EntryPoint\",\"urlTemplate\":\"https:\/\/guillermopareja.com\/de\/?s={search_term_string}\"},\"query-input\":\"required name=search_term_string\"}],\"inLanguage\":\"es\"}]}<\/script>\n<!-- \/ Yoast SEO plugin. -->","yoast_head_json":{"title":"Consultor de Marketing Digital, Google Ads y Google Analytics - Guillermo Pareja","description":"Consultor\u00eda de Google Adwords y Marketing en Motores de B\u00fasqueda de Guillermo Pareja.","robots":{"index":"index","follow":"follow","max-snippet":"max-snippet:-1","max-image-preview":"max-image-preview:large","max-video-preview":"max-video-preview:-1"},"canonical":"https:\/\/guillermopareja.com\/es_es\/consultoria-marketing-digital\/","og_locale":"es_ES","og_type":"article","og_title":"Consultor de Marketing Digital, Google Ads y Google Analytics - Guillermo Pareja","og_description":"Consultor\u00eda de Google Adwords y Marketing en Motores de B\u00fasqueda de Guillermo Pareja.","og_url":"https:\/\/guillermopareja.com\/es_es\/consultoria-marketing-digital\/","og_site_name":"Marketing y Anal\u00edtica Digital","article_publisher":"https:\/\/www.facebook.com\/consultorgoogleadwords\/","article_modified_time":"2018-11-16T01:39:27+00:00","og_image":[{"url":"https:\/\/guillermopareja.com\/wp-content\/uploads\/2018\/11\/guillermo-pareja-2018.jpg"}],"twitter_card":"summary_large_image","twitter_site":"@guillepareja","twitter_misc":{"Tiempo de lectura":"1 minuto"},"schema":{"@context":"https:\/\/schema.org","@graph":[{"@type":"WebPage","@id":"https:\/\/guillermopareja.com\/consultoria-marketing-digital\/","url":"https:\/\/guillermopareja.com\/consultoria-marketing-digital\/","name":"Consultor de Marketing Digital, Google Ads y Google Analytics - Guillermo Pareja","isPartOf":{"@id":"https:\/\/guillermopareja.com\/de\/#website"},"primaryImageOfPage":{"@id":"https:\/\/guillermopareja.com\/consultoria-marketing-digital\/#primaryimage"},"image":{"@id":"https:\/\/guillermopareja.com\/consultoria-marketing-digital\/#primaryimage"},"thumbnailUrl":"https:\/\/guillermopareja.com\/wp-content\/uploads\/2018\/11\/guillermo-pareja-2018.jpg","datePublished":"2010-06-29T01:52:19+00:00","dateModified":"2018-11-16T01:39:27+00:00","description":"Consultor\u00eda de Google Adwords y Marketing en Motores de B\u00fasqueda de Guillermo Pareja.","breadcrumb":{"@id":"https:\/\/guillermopareja.com\/consultoria-marketing-digital\/#breadcrumb"},"inLanguage":"es","potentialAction":[{"@type":"ReadAction","target":["https:\/\/guillermopareja.com\/consultoria-marketing-digital\/"]}]},{"@type":"ImageObject","inLanguage":"es","@id":"https:\/\/guillermopareja.com\/consultoria-marketing-digital\/#primaryimage","url":"https:\/\/guillermopareja.com\/wp-content\/uploads\/2018\/11\/guillermo-pareja-2018.jpg","contentUrl":"https:\/\/guillermopareja.com\/wp-content\/uploads\/2018\/11\/guillermo-pareja-2018.jpg"},{"@type":"BreadcrumbList","@id":"https:\/\/guillermopareja.com\/consultoria-marketing-digital\/#breadcrumb","itemListElement":[{"@type":"ListItem","position":1,"name":"Home","item":"https:\/\/guillermopareja.com\/de\/"},{"@type":"ListItem","position":2,"name":"Consultor\u00eda de Marketing Digital"}]},{"@type":"WebSite","@id":"https:\/\/guillermopareja.com\/de\/#website","url":"https:\/\/guillermopareja.com\/de\/","name":"Marketing y Anal\u00edtica Digital","description":"Blog de Guillermo Pareja","potentialAction":[{"@type":"SearchAction","target":{"@type":"EntryPoint","urlTemplate":"https:\/\/guillermopareja.com\/de\/?s={search_term_string}"},"query-input":"required name=search_term_string"}],"inLanguage":"es"}]}},"amp_enabled":true,"_links":{"self":[{"href":"https:\/\/guillermopareja.com\/es_es\/wp-json\/wp\/v2\/pages\/739"}],"collection":[{"href":"https:\/\/guillermopareja.com\/es_es\/wp-json\/wp\/v2\/pages"}],"about":[{"href":"https:\/\/guillermopareja.com\/es_es\/wp-json\/wp\/v2\/types\/page"}],"author":[{"embeddable":true,"href":"https:\/\/guillermopareja.com\/es_es\/wp-json\/wp\/v2\/users\/1"}],"replies":[{"embeddable":true,"href":"https:\/\/guillermopareja.com\/es_es\/wp-json\/wp\/v2\/comments?post=739"}],"version-history":[{"count":0,"href":"https:\/\/guillermopareja.com\/es_es\/wp-json\/wp\/v2\/pages\/739\/revisions"}],"wp:attachment":[{"href":"https:\/\/guillermopareja.com\/es_es\/wp-json\/wp\/v2\/media?parent=739"}],"curies":[{"name":"wp","href":"https:\/\/api.w.org\/{rel}","templated":true}]}}