{"id":560,"date":"2010-02-08T23:49:36","date_gmt":"2010-02-09T02:49:36","guid":{"rendered":"http:\/\/guillermopareja.com\/?page_id=560"},"modified":"2019-06-15T13:18:11","modified_gmt":"2019-06-15T16:18:11","slug":"libros-marketing-digital","status":"publish","type":"page","link":"https:\/\/guillermopareja.com\/fr\/livres-digital-marketing\/","title":{"rendered":"Livres de marketing num\u00e9rique"},"content":{"rendered":"<h2><a href=\"https:\/\/www.amazon.es\/dp\/B07R4CBT67\">Google Ads: augmentez vos ventes avec Google.<\/a><img loading=\"lazy\" decoding=\"async\" class=\"wp-image-4214 size-full alignleft\" src=\"https:\/\/guillermopareja.com\/wp-content\/uploads\/2019\/06\/google-ads-aumenta-tus-ventas.jpg\" alt=\"\" width=\"250\" height=\"375\" srcset=\"https:\/\/guillermopareja.com\/wp-content\/uploads\/2019\/06\/google-ads-aumenta-tus-ventas.jpg 250w, https:\/\/guillermopareja.com\/wp-content\/uploads\/2019\/06\/google-ads-aumenta-tus-ventas-200x300.jpg 200w\" sizes=\"(max-width: 250px) 100vw, 250px\" \/><\/h2>\n<p>Ce livre est un outil destin\u00e9 aux entrepreneurs qui souhaitent profiter de Google Ads pour g\u00e9n\u00e9rer des prospects et des ventes, mais qui, en raison de la taille de leur entreprise, sont contraints de cr\u00e9er et d&#039;optimiser leurs propres campagnes.<\/p>\n<p>Le processus de cr\u00e9ation de campagne est expliqu\u00e9 en 10 \u00e9tapes faciles \u00e0 suivre, lorsque vous aurez fini de lire le livre, vous pourrez cr\u00e9er vos propres campagnes en \u00e9vitant les erreurs les plus fr\u00e9quentes et en connaissant les concepts cl\u00e9s qui vous aideront \u00e0 am\u00e9liorer vos r\u00e9sultats au fil du temps.<\/p>\n<p>Si vous avez d\u00e9j\u00e0 des campagnes Google Ads actives, vous pouvez profiter de conseils et astuces pour optimiser vos r\u00e9sultats.<\/p>\n<p>Vous pouvez acheter le livre sur le lien suivant: <a href=\"https:\/\/www.amazon.es\/dp\/B07R4CBT67\">Acheter!<\/a><\/p>","protected":false},"excerpt":{"rendered":"<p>Google Ads: augmentez vos ventes avec Google. Ce livre est un outil destin\u00e9 aux entrepreneurs qui souhaitent profiter de Google Ads pour g\u00e9n\u00e9rer des prospects et des ventes, mais qui, en raison de la taille de leur entreprise, sont contraints de cr\u00e9er et d&#039;optimiser leurs propres campagnes. Le processus de cr\u00e9ation de campagne est expliqu\u00e9 dans 10 ...<\/p>","protected":false},"author":1,"featured_media":0,"parent":0,"menu_order":2,"comment_status":"open","ping_status":"open","template":"","meta":{"footnotes":""},"class_list":["post-560","page","type-page","status-publish","hentry"],"aioseo_notices":[],"yoast_head":"<!-- This site is optimized with the Yoast SEO plugin v23.2 - https:\/\/yoast.com\/wordpress\/plugins\/seo\/ -->\n<title>Libros de Marketing Digital - Marketing y Anal\u00edtica Digital<\/title>\n<meta name=\"robots\" content=\"index, follow, max-snippet:-1, max-image-preview:large, max-video-preview:-1\" \/>\n<link rel=\"canonical\" href=\"https:\/\/guillermopareja.com\/fr\/livres-digital-marketing\/\" \/>\n<meta property=\"og:locale\" content=\"fr_FR\" \/>\n<meta property=\"og:type\" content=\"article\" \/>\n<meta property=\"og:title\" content=\"Libros de Marketing Digital - Marketing y Anal\u00edtica Digital\" \/>\n<meta property=\"og:description\" content=\"Google Ads: Aumenta tus ventas con Google. Este libro es una herramienta para emprendedores que desean aprovechar Google Ads para generar contactos de clientes potenciales y ventas, pero que por el tama\u00f1o de su negocio se ven obligados a crear y optimizar sus propias campa\u00f1as. El proceso de creaci\u00f3n de campa\u00f1as est\u00e1 explicado en 10&hellip;\" \/>\n<meta property=\"og:url\" content=\"https:\/\/guillermopareja.com\/fr\/livres-digital-marketing\/\" \/>\n<meta property=\"og:site_name\" content=\"Marketing y Anal\u00edtica Digital\" \/>\n<meta property=\"article:publisher\" content=\"https:\/\/www.facebook.com\/consultorgoogleadwords\/\" \/>\n<meta property=\"article:modified_time\" content=\"2019-06-15T16:18:11+00:00\" \/>\n<meta property=\"og:image\" content=\"https:\/\/guillermopareja.com\/wp-content\/uploads\/2019\/06\/google-ads-aumenta-tus-ventas.jpg\" \/>\n<meta name=\"twitter:card\" content=\"summary_large_image\" \/>\n<meta name=\"twitter:site\" content=\"@guillepareja\" \/>\n<meta name=\"twitter:label1\" content=\"Dur\u00e9e de lecture estim\u00e9e\" \/>\n\t<meta name=\"twitter:data1\" content=\"1 minute\" \/>\n<script type=\"application\/ld+json\" class=\"yoast-schema-graph\">{\"@context\":\"https:\/\/schema.org\",\"@graph\":[{\"@type\":\"WebPage\",\"@id\":\"https:\/\/guillermopareja.com\/libros-marketing-digital\/\",\"url\":\"https:\/\/guillermopareja.com\/libros-marketing-digital\/\",\"name\":\"Libros de Marketing Digital - Marketing y Anal\u00edtica Digital\",\"isPartOf\":{\"@id\":\"https:\/\/guillermopareja.com\/de\/#website\"},\"primaryImageOfPage\":{\"@id\":\"https:\/\/guillermopareja.com\/libros-marketing-digital\/#primaryimage\"},\"image\":{\"@id\":\"https:\/\/guillermopareja.com\/libros-marketing-digital\/#primaryimage\"},\"thumbnailUrl\":\"https:\/\/guillermopareja.com\/wp-content\/uploads\/2019\/06\/google-ads-aumenta-tus-ventas.jpg\",\"datePublished\":\"2010-02-09T02:49:36+00:00\",\"dateModified\":\"2019-06-15T16:18:11+00:00\",\"breadcrumb\":{\"@id\":\"https:\/\/guillermopareja.com\/libros-marketing-digital\/#breadcrumb\"},\"inLanguage\":\"fr-FR\",\"potentialAction\":[{\"@type\":\"ReadAction\",\"target\":[\"https:\/\/guillermopareja.com\/libros-marketing-digital\/\"]}]},{\"@type\":\"ImageObject\",\"inLanguage\":\"fr-FR\",\"@id\":\"https:\/\/guillermopareja.com\/libros-marketing-digital\/#primaryimage\",\"url\":\"https:\/\/guillermopareja.com\/wp-content\/uploads\/2019\/06\/google-ads-aumenta-tus-ventas.jpg\",\"contentUrl\":\"https:\/\/guillermopareja.com\/wp-content\/uploads\/2019\/06\/google-ads-aumenta-tus-ventas.jpg\"},{\"@type\":\"BreadcrumbList\",\"@id\":\"https:\/\/guillermopareja.com\/libros-marketing-digital\/#breadcrumb\",\"itemListElement\":[{\"@type\":\"ListItem\",\"position\":1,\"name\":\"Home\",\"item\":\"https:\/\/guillermopareja.com\/de\/\"},{\"@type\":\"ListItem\",\"position\":2,\"name\":\"Libros de Marketing Digital\"}]},{\"@type\":\"WebSite\",\"@id\":\"https:\/\/guillermopareja.com\/de\/#website\",\"url\":\"https:\/\/guillermopareja.com\/de\/\",\"name\":\"Marketing y Anal\u00edtica Digital\",\"description\":\"Blog de Guillermo Pareja\",\"potentialAction\":[{\"@type\":\"SearchAction\",\"target\":{\"@type\":\"EntryPoint\",\"urlTemplate\":\"https:\/\/guillermopareja.com\/de\/?s={search_term_string}\"},\"query-input\":\"required name=search_term_string\"}],\"inLanguage\":\"fr-FR\"}]}<\/script>\n<!-- \/ Yoast SEO plugin. -->","yoast_head_json":{"title":"Libros de Marketing Digital - Marketing y Anal\u00edtica Digital","robots":{"index":"index","follow":"follow","max-snippet":"max-snippet:-1","max-image-preview":"max-image-preview:large","max-video-preview":"max-video-preview:-1"},"canonical":"https:\/\/guillermopareja.com\/fr\/livres-digital-marketing\/","og_locale":"fr_FR","og_type":"article","og_title":"Libros de Marketing Digital - Marketing y Anal\u00edtica Digital","og_description":"Google Ads: Aumenta tus ventas con Google. Este libro es una herramienta para emprendedores que desean aprovechar Google Ads para generar contactos de clientes potenciales y ventas, pero que por el tama\u00f1o de su negocio se ven obligados a crear y optimizar sus propias campa\u00f1as. El proceso de creaci\u00f3n de campa\u00f1as est\u00e1 explicado en 10&hellip;","og_url":"https:\/\/guillermopareja.com\/fr\/livres-digital-marketing\/","og_site_name":"Marketing y Anal\u00edtica Digital","article_publisher":"https:\/\/www.facebook.com\/consultorgoogleadwords\/","article_modified_time":"2019-06-15T16:18:11+00:00","og_image":[{"url":"https:\/\/guillermopareja.com\/wp-content\/uploads\/2019\/06\/google-ads-aumenta-tus-ventas.jpg"}],"twitter_card":"summary_large_image","twitter_site":"@guillepareja","twitter_misc":{"Dur\u00e9e de lecture estim\u00e9e":"1 minute"},"schema":{"@context":"https:\/\/schema.org","@graph":[{"@type":"WebPage","@id":"https:\/\/guillermopareja.com\/libros-marketing-digital\/","url":"https:\/\/guillermopareja.com\/libros-marketing-digital\/","name":"Libros de Marketing Digital - Marketing y Anal\u00edtica Digital","isPartOf":{"@id":"https:\/\/guillermopareja.com\/de\/#website"},"primaryImageOfPage":{"@id":"https:\/\/guillermopareja.com\/libros-marketing-digital\/#primaryimage"},"image":{"@id":"https:\/\/guillermopareja.com\/libros-marketing-digital\/#primaryimage"},"thumbnailUrl":"https:\/\/guillermopareja.com\/wp-content\/uploads\/2019\/06\/google-ads-aumenta-tus-ventas.jpg","datePublished":"2010-02-09T02:49:36+00:00","dateModified":"2019-06-15T16:18:11+00:00","breadcrumb":{"@id":"https:\/\/guillermopareja.com\/libros-marketing-digital\/#breadcrumb"},"inLanguage":"fr-FR","potentialAction":[{"@type":"ReadAction","target":["https:\/\/guillermopareja.com\/libros-marketing-digital\/"]}]},{"@type":"ImageObject","inLanguage":"fr-FR","@id":"https:\/\/guillermopareja.com\/libros-marketing-digital\/#primaryimage","url":"https:\/\/guillermopareja.com\/wp-content\/uploads\/2019\/06\/google-ads-aumenta-tus-ventas.jpg","contentUrl":"https:\/\/guillermopareja.com\/wp-content\/uploads\/2019\/06\/google-ads-aumenta-tus-ventas.jpg"},{"@type":"BreadcrumbList","@id":"https:\/\/guillermopareja.com\/libros-marketing-digital\/#breadcrumb","itemListElement":[{"@type":"ListItem","position":1,"name":"Home","item":"https:\/\/guillermopareja.com\/de\/"},{"@type":"ListItem","position":2,"name":"Libros de Marketing Digital"}]},{"@type":"WebSite","@id":"https:\/\/guillermopareja.com\/de\/#website","url":"https:\/\/guillermopareja.com\/de\/","name":"Marketing y Anal\u00edtica Digital","description":"Blog de Guillermo Pareja","potentialAction":[{"@type":"SearchAction","target":{"@type":"EntryPoint","urlTemplate":"https:\/\/guillermopareja.com\/de\/?s={search_term_string}"},"query-input":"required name=search_term_string"}],"inLanguage":"fr-FR"}]}},"amp_enabled":true,"_links":{"self":[{"href":"https:\/\/guillermopareja.com\/fr\/wp-json\/wp\/v2\/pages\/560"}],"collection":[{"href":"https:\/\/guillermopareja.com\/fr\/wp-json\/wp\/v2\/pages"}],"about":[{"href":"https:\/\/guillermopareja.com\/fr\/wp-json\/wp\/v2\/types\/page"}],"author":[{"embeddable":true,"href":"https:\/\/guillermopareja.com\/fr\/wp-json\/wp\/v2\/users\/1"}],"replies":[{"embeddable":true,"href":"https:\/\/guillermopareja.com\/fr\/wp-json\/wp\/v2\/comments?post=560"}],"version-history":[{"count":0,"href":"https:\/\/guillermopareja.com\/fr\/wp-json\/wp\/v2\/pages\/560\/revisions"}],"wp:attachment":[{"href":"https:\/\/guillermopareja.com\/fr\/wp-json\/wp\/v2\/media?parent=560"}],"curies":[{"name":"wp","href":"https:\/\/api.w.org\/{rel}","templated":true}]}}