{"id":739,"date":"2010-06-28T22:52:19","date_gmt":"2010-06-29T01:52:19","guid":{"rendered":"http:\/\/guillermopareja.com\/?page_id=739"},"modified":"2018-11-15T22:39:27","modified_gmt":"2018-11-16T01:39:27","slug":"consultoria-marketing-digital","status":"publish","type":"page","link":"https:\/\/guillermopareja.com\/fr\/conseil-marketing-digital\/","title":{"rendered":"Conseil en marketing num\u00e9rique"},"content":{"rendered":"<p><img loading=\"lazy\" decoding=\"async\" class=\"size-large wp-image-3899 alignleft\" src=\"https:\/\/guillermopareja.com\/wp-content\/uploads\/2018\/11\/guillermo-pareja-2018.jpg\" alt=\"\" width=\"250\" height=\"250\" \/>J&#039;aide les marques et entreprises de toutes tailles \u00e0 optimiser les r\u00e9sultats qu&#039;elles obtiennent de leurs actions de Marketing Digital.<\/p>\n<p>Si vous embauchez une agence qui ne g\u00e9n\u00e8re pas les r\u00e9sultats que vous recherchez ou que vous g\u00e9rez les campagnes de votre propre entreprise et que vous vous \u00eates rendu compte qu&#039;il est temps de grandir, je peux vous aider.<\/p>\n<p><strong><span style=\"color: #008000;\">Je g\u00e8re plus de US$1,200,000<\/span><\/strong> par an pour des clients de diff\u00e9rents pays tels que: l&#039;Argentine, le Mexique, le P\u00e9rou, l&#039;Espagne et les \u00c9tats-Unis.<\/p>\n<p>Je travaille principalement \u00e0 g\u00e9n\u00e9rer des leads et des ventes e-commerce pour mes clients, avec un <strong>forte concentration sur les objectifs commerciaux et le retour sur investissement<\/strong>.<\/p>\n<p><strong>Certains de mes clients sont:<\/strong> <a href=\"http:\/\/accenture.com\/ar-es\/careers\/\">Accenture<\/a>, <a href=\"http:\/\/redcoachusa.com\/\">Red Coach \u00c9tats-Unis<\/a>, <a href=\"http:\/\/www.ritzycharters.com\/\">Chartes Ritzy<\/a>,\u00a0<a href=\"https:\/\/superpet.pe\/\">Superpet.pe<\/a>, <a href=\"http:\/\/flyzar.com\/\">Flyzar<\/a>,\u00a0<a href=\"http:\/\/www.autodrive.com.ar\">AutoDrive<\/a>,\u00a0<a href=\"http:\/\/progenitest.com.ar\/\">ProgeniTest<\/a>, entre autres.<\/p>\n<p><strong>Je travaille selon un processus:<\/strong><\/p>\n<ol>\n<li>Je soulage les objectifs de votre entreprise.<\/li>\n<li>Ensemble, nous \u00e9tablissons les principaux indicateurs de performance de vos campagnes.<\/li>\n<li>Je cr\u00e9e un plan de marketing num\u00e9rique int\u00e9gral personnalis\u00e9 pour votre entreprise.<\/li>\n<li>J&#039;analyse les r\u00e9sultats g\u00e9n\u00e9r\u00e9s pour optimiser les performances de vos campagnes.<\/li>\n<li>J&#039;optimise vos campagnes en fonction des r\u00e9sultats de l&#039;analyse.<\/li>\n<\/ol>\n<p><strong>Certains des outils que j&#039;utilise pour atteindre vos objectifs:<\/strong><\/p>\n<p><strong>M\u00e9dias: <\/strong>Google AdWords<strong>, <\/strong>Annonces Facebook<strong>, <\/strong>Publicit\u00e9s Twitter, marketing par e-mail et m\u00e9dias sociaux.<\/p>\n<p><strong>Analyse num\u00e9rique:<\/strong> Google Analytics, Google Tag Manager, Heat Maps, sondages en ligne, etc.<\/p>\n<p>De cette fa\u00e7on, nous couvrons de la g\u00e9n\u00e9ration du trafic et des contacts \/ ventes, \u00e0 l&#039;analyse ult\u00e9rieure des r\u00e9sultats pour l&#039;optimisation de votre retour sur investissement.<\/p>\n<p>Avec mes plus gros clients, je travaille g\u00e9n\u00e9ralement sur des domaines assez sp\u00e9cifiques de leurs besoins en marketing num\u00e9rique, tandis qu&#039;avec mes petits clients, je g\u00e8re leur pr\u00e9sence num\u00e9rique de mani\u00e8re int\u00e9grale.<\/p>\n<p>Si vous avez besoin d&#039;un coup de main, n&#039;h\u00e9sitez pas \u00e0 me contacter via <a href=\"https:\/\/guillermopareja.com\/fr\/contact\/\">Formulaire de contact<\/a> ou ajoutez-moi <a href=\"https:\/\/ar.linkedin.com\/in\/guillermoparejab\">LinkedIn<\/a>.<\/p>","protected":false},"excerpt":{"rendered":"<p>J&#039;aide les marques et entreprises de toutes tailles \u00e0 optimiser les r\u00e9sultats qu&#039;elles obtiennent de leurs actions de Marketing Digital. Si vous embauchez une agence qui ne g\u00e9n\u00e8re pas les r\u00e9sultats que vous recherchez ou que vous g\u00e9rez les campagnes de votre propre entreprise et que vous vous \u00eates rendu compte qu&#039;il est temps de grandir, je peux vous aider. Je g\u00e8re plus de US$1,200,000 \u00e0 ...<\/p>","protected":false},"author":1,"featured_media":0,"parent":0,"menu_order":0,"comment_status":"open","ping_status":"open","template":"","meta":{"footnotes":""},"class_list":["post-739","page","type-page","status-publish","hentry"],"aioseo_notices":[],"yoast_head":"<!-- This site is optimized with the Yoast SEO plugin v23.2 - https:\/\/yoast.com\/wordpress\/plugins\/seo\/ -->\n<title>Consultor de Marketing Digital, Google Ads y Google Analytics - Guillermo Pareja<\/title>\n<meta name=\"description\" content=\"Consultor\u00eda de Google Adwords y Marketing en Motores de B\u00fasqueda de Guillermo Pareja.\" \/>\n<meta name=\"robots\" content=\"index, follow, max-snippet:-1, max-image-preview:large, max-video-preview:-1\" \/>\n<link rel=\"canonical\" href=\"https:\/\/guillermopareja.com\/fr\/conseil-marketing-digital\/\" \/>\n<meta property=\"og:locale\" content=\"fr_FR\" \/>\n<meta property=\"og:type\" content=\"article\" \/>\n<meta property=\"og:title\" content=\"Consultor de Marketing Digital, Google Ads y Google Analytics - Guillermo Pareja\" \/>\n<meta property=\"og:description\" content=\"Consultor\u00eda de Google Adwords y Marketing en Motores de B\u00fasqueda de Guillermo Pareja.\" \/>\n<meta property=\"og:url\" content=\"https:\/\/guillermopareja.com\/fr\/conseil-marketing-digital\/\" \/>\n<meta property=\"og:site_name\" content=\"Marketing y Anal\u00edtica Digital\" \/>\n<meta property=\"article:publisher\" content=\"https:\/\/www.facebook.com\/consultorgoogleadwords\/\" \/>\n<meta property=\"article:modified_time\" content=\"2018-11-16T01:39:27+00:00\" \/>\n<meta property=\"og:image\" content=\"https:\/\/guillermopareja.com\/wp-content\/uploads\/2018\/11\/guillermo-pareja-2018.jpg\" \/>\n<meta name=\"twitter:card\" content=\"summary_large_image\" \/>\n<meta name=\"twitter:site\" content=\"@guillepareja\" \/>\n<meta name=\"twitter:label1\" content=\"Dur\u00e9e de lecture estim\u00e9e\" \/>\n\t<meta name=\"twitter:data1\" content=\"1 minute\" \/>\n<script type=\"application\/ld+json\" class=\"yoast-schema-graph\">{\"@context\":\"https:\/\/schema.org\",\"@graph\":[{\"@type\":\"WebPage\",\"@id\":\"https:\/\/guillermopareja.com\/consultoria-marketing-digital\/\",\"url\":\"https:\/\/guillermopareja.com\/consultoria-marketing-digital\/\",\"name\":\"Consultor de Marketing Digital, Google Ads y Google Analytics - Guillermo Pareja\",\"isPartOf\":{\"@id\":\"https:\/\/guillermopareja.com\/de\/#website\"},\"primaryImageOfPage\":{\"@id\":\"https:\/\/guillermopareja.com\/consultoria-marketing-digital\/#primaryimage\"},\"image\":{\"@id\":\"https:\/\/guillermopareja.com\/consultoria-marketing-digital\/#primaryimage\"},\"thumbnailUrl\":\"https:\/\/guillermopareja.com\/wp-content\/uploads\/2018\/11\/guillermo-pareja-2018.jpg\",\"datePublished\":\"2010-06-29T01:52:19+00:00\",\"dateModified\":\"2018-11-16T01:39:27+00:00\",\"description\":\"Consultor\u00eda de Google Adwords y Marketing en Motores de B\u00fasqueda de Guillermo Pareja.\",\"breadcrumb\":{\"@id\":\"https:\/\/guillermopareja.com\/consultoria-marketing-digital\/#breadcrumb\"},\"inLanguage\":\"fr-FR\",\"potentialAction\":[{\"@type\":\"ReadAction\",\"target\":[\"https:\/\/guillermopareja.com\/consultoria-marketing-digital\/\"]}]},{\"@type\":\"ImageObject\",\"inLanguage\":\"fr-FR\",\"@id\":\"https:\/\/guillermopareja.com\/consultoria-marketing-digital\/#primaryimage\",\"url\":\"https:\/\/guillermopareja.com\/wp-content\/uploads\/2018\/11\/guillermo-pareja-2018.jpg\",\"contentUrl\":\"https:\/\/guillermopareja.com\/wp-content\/uploads\/2018\/11\/guillermo-pareja-2018.jpg\"},{\"@type\":\"BreadcrumbList\",\"@id\":\"https:\/\/guillermopareja.com\/consultoria-marketing-digital\/#breadcrumb\",\"itemListElement\":[{\"@type\":\"ListItem\",\"position\":1,\"name\":\"Home\",\"item\":\"https:\/\/guillermopareja.com\/de\/\"},{\"@type\":\"ListItem\",\"position\":2,\"name\":\"Consultor\u00eda de Marketing Digital\"}]},{\"@type\":\"WebSite\",\"@id\":\"https:\/\/guillermopareja.com\/de\/#website\",\"url\":\"https:\/\/guillermopareja.com\/de\/\",\"name\":\"Marketing y Anal\u00edtica Digital\",\"description\":\"Blog de Guillermo Pareja\",\"potentialAction\":[{\"@type\":\"SearchAction\",\"target\":{\"@type\":\"EntryPoint\",\"urlTemplate\":\"https:\/\/guillermopareja.com\/de\/?s={search_term_string}\"},\"query-input\":\"required name=search_term_string\"}],\"inLanguage\":\"fr-FR\"}]}<\/script>\n<!-- \/ Yoast SEO plugin. -->","yoast_head_json":{"title":"Consultor de Marketing Digital, Google Ads y Google Analytics - Guillermo Pareja","description":"Consultor\u00eda de Google Adwords y Marketing en Motores de B\u00fasqueda de Guillermo Pareja.","robots":{"index":"index","follow":"follow","max-snippet":"max-snippet:-1","max-image-preview":"max-image-preview:large","max-video-preview":"max-video-preview:-1"},"canonical":"https:\/\/guillermopareja.com\/fr\/conseil-marketing-digital\/","og_locale":"fr_FR","og_type":"article","og_title":"Consultor de Marketing Digital, Google Ads y Google Analytics - Guillermo Pareja","og_description":"Consultor\u00eda de Google Adwords y Marketing en Motores de B\u00fasqueda de Guillermo Pareja.","og_url":"https:\/\/guillermopareja.com\/fr\/conseil-marketing-digital\/","og_site_name":"Marketing y Anal\u00edtica Digital","article_publisher":"https:\/\/www.facebook.com\/consultorgoogleadwords\/","article_modified_time":"2018-11-16T01:39:27+00:00","og_image":[{"url":"https:\/\/guillermopareja.com\/wp-content\/uploads\/2018\/11\/guillermo-pareja-2018.jpg"}],"twitter_card":"summary_large_image","twitter_site":"@guillepareja","twitter_misc":{"Dur\u00e9e de lecture estim\u00e9e":"1 minute"},"schema":{"@context":"https:\/\/schema.org","@graph":[{"@type":"WebPage","@id":"https:\/\/guillermopareja.com\/consultoria-marketing-digital\/","url":"https:\/\/guillermopareja.com\/consultoria-marketing-digital\/","name":"Consultor de Marketing Digital, Google Ads y Google Analytics - Guillermo Pareja","isPartOf":{"@id":"https:\/\/guillermopareja.com\/de\/#website"},"primaryImageOfPage":{"@id":"https:\/\/guillermopareja.com\/consultoria-marketing-digital\/#primaryimage"},"image":{"@id":"https:\/\/guillermopareja.com\/consultoria-marketing-digital\/#primaryimage"},"thumbnailUrl":"https:\/\/guillermopareja.com\/wp-content\/uploads\/2018\/11\/guillermo-pareja-2018.jpg","datePublished":"2010-06-29T01:52:19+00:00","dateModified":"2018-11-16T01:39:27+00:00","description":"Consultor\u00eda de Google Adwords y Marketing en Motores de B\u00fasqueda de Guillermo Pareja.","breadcrumb":{"@id":"https:\/\/guillermopareja.com\/consultoria-marketing-digital\/#breadcrumb"},"inLanguage":"fr-FR","potentialAction":[{"@type":"ReadAction","target":["https:\/\/guillermopareja.com\/consultoria-marketing-digital\/"]}]},{"@type":"ImageObject","inLanguage":"fr-FR","@id":"https:\/\/guillermopareja.com\/consultoria-marketing-digital\/#primaryimage","url":"https:\/\/guillermopareja.com\/wp-content\/uploads\/2018\/11\/guillermo-pareja-2018.jpg","contentUrl":"https:\/\/guillermopareja.com\/wp-content\/uploads\/2018\/11\/guillermo-pareja-2018.jpg"},{"@type":"BreadcrumbList","@id":"https:\/\/guillermopareja.com\/consultoria-marketing-digital\/#breadcrumb","itemListElement":[{"@type":"ListItem","position":1,"name":"Home","item":"https:\/\/guillermopareja.com\/de\/"},{"@type":"ListItem","position":2,"name":"Consultor\u00eda de Marketing Digital"}]},{"@type":"WebSite","@id":"https:\/\/guillermopareja.com\/de\/#website","url":"https:\/\/guillermopareja.com\/de\/","name":"Marketing y Anal\u00edtica Digital","description":"Blog de Guillermo Pareja","potentialAction":[{"@type":"SearchAction","target":{"@type":"EntryPoint","urlTemplate":"https:\/\/guillermopareja.com\/de\/?s={search_term_string}"},"query-input":"required name=search_term_string"}],"inLanguage":"fr-FR"}]}},"amp_enabled":true,"_links":{"self":[{"href":"https:\/\/guillermopareja.com\/fr\/wp-json\/wp\/v2\/pages\/739"}],"collection":[{"href":"https:\/\/guillermopareja.com\/fr\/wp-json\/wp\/v2\/pages"}],"about":[{"href":"https:\/\/guillermopareja.com\/fr\/wp-json\/wp\/v2\/types\/page"}],"author":[{"embeddable":true,"href":"https:\/\/guillermopareja.com\/fr\/wp-json\/wp\/v2\/users\/1"}],"replies":[{"embeddable":true,"href":"https:\/\/guillermopareja.com\/fr\/wp-json\/wp\/v2\/comments?post=739"}],"version-history":[{"count":0,"href":"https:\/\/guillermopareja.com\/fr\/wp-json\/wp\/v2\/pages\/739\/revisions"}],"wp:attachment":[{"href":"https:\/\/guillermopareja.com\/fr\/wp-json\/wp\/v2\/media?parent=739"}],"curies":[{"name":"wp","href":"https:\/\/api.w.org\/{rel}","templated":true}]}}