{"id":560,"date":"2010-02-08T23:49:36","date_gmt":"2010-02-09T02:49:36","guid":{"rendered":"http:\/\/guillermopareja.com\/?page_id=560"},"modified":"2019-06-15T13:18:11","modified_gmt":"2019-06-15T16:18:11","slug":"libros-marketing-digital","status":"publish","type":"page","link":"https:\/\/guillermopareja.com\/pt\/livros-marketing-digital\/","title":{"rendered":"Livros de marketing digital"},"content":{"rendered":"<h2><a href=\"https:\/\/www.amazon.es\/dp\/B07R4CBT67\">Google Ads: aumente suas vendas com o Google.<\/a><img loading=\"lazy\" decoding=\"async\" class=\"wp-image-4214 size-full alignleft\" src=\"https:\/\/guillermopareja.com\/wp-content\/uploads\/2019\/06\/google-ads-aumenta-tus-ventas.jpg\" alt=\"\" width=\"250\" height=\"375\" srcset=\"https:\/\/guillermopareja.com\/wp-content\/uploads\/2019\/06\/google-ads-aumenta-tus-ventas.jpg 250w, https:\/\/guillermopareja.com\/wp-content\/uploads\/2019\/06\/google-ads-aumenta-tus-ventas-200x300.jpg 200w\" sizes=\"(max-width: 250px) 100vw, 250px\" \/><\/h2>\n<p>Este livro \u00e9 uma ferramenta para empreendedores que desejam aproveitar as vantagens do Google Ads para gerar leads e vendas, mas que, devido ao tamanho de seus neg\u00f3cios, s\u00e3o obrigados a criar e otimizar suas pr\u00f3prias campanhas.<\/p>\n<p>O processo de cria\u00e7\u00e3o de campanhas \u00e9 explicado em 10 passos f\u00e1ceis de seguir, ao terminar de ler o livro voc\u00ea poder\u00e1 criar suas pr\u00f3prias campanhas evitando os erros mais frequentes e conhecendo os principais conceitos que o ajudar\u00e3o a melhorar seus resultados ao longo do tempo.<\/p>\n<p>Se voc\u00ea j\u00e1 tem campanhas ativas do Google Ads, pode aproveitar dicas e conselhos para otimizar seus resultados.<\/p>\n<p>Voc\u00ea pode comprar o livro no seguinte link: <a href=\"https:\/\/www.amazon.es\/dp\/B07R4CBT67\">Comprar!<\/a><\/p>","protected":false},"excerpt":{"rendered":"<p>Google Ads: aumente suas vendas com o Google. Este livro \u00e9 uma ferramenta para empreendedores que desejam aproveitar as vantagens do Google Ads para gerar leads e vendas, mas que, devido ao tamanho de seus neg\u00f3cios, s\u00e3o obrigados a criar e otimizar suas pr\u00f3prias campanhas. O processo de cria\u00e7\u00e3o da campanha \u00e9 explicado em 10 ...<\/p>","protected":false},"author":1,"featured_media":0,"parent":0,"menu_order":2,"comment_status":"open","ping_status":"open","template":"","meta":{"footnotes":""},"class_list":["post-560","page","type-page","status-publish","hentry"],"aioseo_notices":[],"yoast_head":"<!-- This site is optimized with the Yoast SEO plugin v23.2 - https:\/\/yoast.com\/wordpress\/plugins\/seo\/ -->\n<title>Libros de Marketing Digital - Marketing y Anal\u00edtica Digital<\/title>\n<meta name=\"robots\" content=\"index, follow, max-snippet:-1, max-image-preview:large, max-video-preview:-1\" \/>\n<link rel=\"canonical\" href=\"https:\/\/guillermopareja.com\/pt\/livros-marketing-digital\/\" \/>\n<meta property=\"og:locale\" content=\"pt_BR\" \/>\n<meta property=\"og:type\" content=\"article\" \/>\n<meta property=\"og:title\" content=\"Libros de Marketing Digital - Marketing y Anal\u00edtica Digital\" \/>\n<meta property=\"og:description\" content=\"Google Ads: Aumenta tus ventas con Google. Este libro es una herramienta para emprendedores que desean aprovechar Google Ads para generar contactos de clientes potenciales y ventas, pero que por el tama\u00f1o de su negocio se ven obligados a crear y optimizar sus propias campa\u00f1as. El proceso de creaci\u00f3n de campa\u00f1as est\u00e1 explicado en 10&hellip;\" \/>\n<meta property=\"og:url\" content=\"https:\/\/guillermopareja.com\/pt\/livros-marketing-digital\/\" \/>\n<meta property=\"og:site_name\" content=\"Marketing y Anal\u00edtica Digital\" \/>\n<meta property=\"article:publisher\" content=\"https:\/\/www.facebook.com\/consultorgoogleadwords\/\" \/>\n<meta property=\"article:modified_time\" content=\"2019-06-15T16:18:11+00:00\" \/>\n<meta property=\"og:image\" content=\"https:\/\/guillermopareja.com\/wp-content\/uploads\/2019\/06\/google-ads-aumenta-tus-ventas.jpg\" \/>\n<meta name=\"twitter:card\" content=\"summary_large_image\" \/>\n<meta name=\"twitter:site\" content=\"@guillepareja\" \/>\n<meta name=\"twitter:label1\" content=\"Est. tempo de leitura\" \/>\n\t<meta name=\"twitter:data1\" content=\"1 minuto\" \/>\n<script type=\"application\/ld+json\" class=\"yoast-schema-graph\">{\"@context\":\"https:\/\/schema.org\",\"@graph\":[{\"@type\":\"WebPage\",\"@id\":\"https:\/\/guillermopareja.com\/libros-marketing-digital\/\",\"url\":\"https:\/\/guillermopareja.com\/libros-marketing-digital\/\",\"name\":\"Libros de Marketing Digital - Marketing y Anal\u00edtica Digital\",\"isPartOf\":{\"@id\":\"https:\/\/guillermopareja.com\/de\/#website\"},\"primaryImageOfPage\":{\"@id\":\"https:\/\/guillermopareja.com\/libros-marketing-digital\/#primaryimage\"},\"image\":{\"@id\":\"https:\/\/guillermopareja.com\/libros-marketing-digital\/#primaryimage\"},\"thumbnailUrl\":\"https:\/\/guillermopareja.com\/wp-content\/uploads\/2019\/06\/google-ads-aumenta-tus-ventas.jpg\",\"datePublished\":\"2010-02-09T02:49:36+00:00\",\"dateModified\":\"2019-06-15T16:18:11+00:00\",\"breadcrumb\":{\"@id\":\"https:\/\/guillermopareja.com\/libros-marketing-digital\/#breadcrumb\"},\"inLanguage\":\"pt-BR\",\"potentialAction\":[{\"@type\":\"ReadAction\",\"target\":[\"https:\/\/guillermopareja.com\/libros-marketing-digital\/\"]}]},{\"@type\":\"ImageObject\",\"inLanguage\":\"pt-BR\",\"@id\":\"https:\/\/guillermopareja.com\/libros-marketing-digital\/#primaryimage\",\"url\":\"https:\/\/guillermopareja.com\/wp-content\/uploads\/2019\/06\/google-ads-aumenta-tus-ventas.jpg\",\"contentUrl\":\"https:\/\/guillermopareja.com\/wp-content\/uploads\/2019\/06\/google-ads-aumenta-tus-ventas.jpg\"},{\"@type\":\"BreadcrumbList\",\"@id\":\"https:\/\/guillermopareja.com\/libros-marketing-digital\/#breadcrumb\",\"itemListElement\":[{\"@type\":\"ListItem\",\"position\":1,\"name\":\"Home\",\"item\":\"https:\/\/guillermopareja.com\/de\/\"},{\"@type\":\"ListItem\",\"position\":2,\"name\":\"Libros de Marketing Digital\"}]},{\"@type\":\"WebSite\",\"@id\":\"https:\/\/guillermopareja.com\/de\/#website\",\"url\":\"https:\/\/guillermopareja.com\/de\/\",\"name\":\"Marketing y Anal\u00edtica Digital\",\"description\":\"Blog de Guillermo Pareja\",\"potentialAction\":[{\"@type\":\"SearchAction\",\"target\":{\"@type\":\"EntryPoint\",\"urlTemplate\":\"https:\/\/guillermopareja.com\/de\/?s={search_term_string}\"},\"query-input\":\"required name=search_term_string\"}],\"inLanguage\":\"pt-BR\"}]}<\/script>\n<!-- \/ Yoast SEO plugin. -->","yoast_head_json":{"title":"Libros de Marketing Digital - Marketing y Anal\u00edtica Digital","robots":{"index":"index","follow":"follow","max-snippet":"max-snippet:-1","max-image-preview":"max-image-preview:large","max-video-preview":"max-video-preview:-1"},"canonical":"https:\/\/guillermopareja.com\/pt\/livros-marketing-digital\/","og_locale":"pt_BR","og_type":"article","og_title":"Libros de Marketing Digital - Marketing y Anal\u00edtica Digital","og_description":"Google Ads: Aumenta tus ventas con Google. Este libro es una herramienta para emprendedores que desean aprovechar Google Ads para generar contactos de clientes potenciales y ventas, pero que por el tama\u00f1o de su negocio se ven obligados a crear y optimizar sus propias campa\u00f1as. El proceso de creaci\u00f3n de campa\u00f1as est\u00e1 explicado en 10&hellip;","og_url":"https:\/\/guillermopareja.com\/pt\/livros-marketing-digital\/","og_site_name":"Marketing y Anal\u00edtica Digital","article_publisher":"https:\/\/www.facebook.com\/consultorgoogleadwords\/","article_modified_time":"2019-06-15T16:18:11+00:00","og_image":[{"url":"https:\/\/guillermopareja.com\/wp-content\/uploads\/2019\/06\/google-ads-aumenta-tus-ventas.jpg"}],"twitter_card":"summary_large_image","twitter_site":"@guillepareja","twitter_misc":{"Est. tempo de leitura":"1 minuto"},"schema":{"@context":"https:\/\/schema.org","@graph":[{"@type":"WebPage","@id":"https:\/\/guillermopareja.com\/libros-marketing-digital\/","url":"https:\/\/guillermopareja.com\/libros-marketing-digital\/","name":"Libros de Marketing Digital - Marketing y Anal\u00edtica Digital","isPartOf":{"@id":"https:\/\/guillermopareja.com\/de\/#website"},"primaryImageOfPage":{"@id":"https:\/\/guillermopareja.com\/libros-marketing-digital\/#primaryimage"},"image":{"@id":"https:\/\/guillermopareja.com\/libros-marketing-digital\/#primaryimage"},"thumbnailUrl":"https:\/\/guillermopareja.com\/wp-content\/uploads\/2019\/06\/google-ads-aumenta-tus-ventas.jpg","datePublished":"2010-02-09T02:49:36+00:00","dateModified":"2019-06-15T16:18:11+00:00","breadcrumb":{"@id":"https:\/\/guillermopareja.com\/libros-marketing-digital\/#breadcrumb"},"inLanguage":"pt-BR","potentialAction":[{"@type":"ReadAction","target":["https:\/\/guillermopareja.com\/libros-marketing-digital\/"]}]},{"@type":"ImageObject","inLanguage":"pt-BR","@id":"https:\/\/guillermopareja.com\/libros-marketing-digital\/#primaryimage","url":"https:\/\/guillermopareja.com\/wp-content\/uploads\/2019\/06\/google-ads-aumenta-tus-ventas.jpg","contentUrl":"https:\/\/guillermopareja.com\/wp-content\/uploads\/2019\/06\/google-ads-aumenta-tus-ventas.jpg"},{"@type":"BreadcrumbList","@id":"https:\/\/guillermopareja.com\/libros-marketing-digital\/#breadcrumb","itemListElement":[{"@type":"ListItem","position":1,"name":"Home","item":"https:\/\/guillermopareja.com\/de\/"},{"@type":"ListItem","position":2,"name":"Libros de Marketing Digital"}]},{"@type":"WebSite","@id":"https:\/\/guillermopareja.com\/de\/#website","url":"https:\/\/guillermopareja.com\/de\/","name":"Marketing y Anal\u00edtica Digital","description":"Blog de Guillermo Pareja","potentialAction":[{"@type":"SearchAction","target":{"@type":"EntryPoint","urlTemplate":"https:\/\/guillermopareja.com\/de\/?s={search_term_string}"},"query-input":"required name=search_term_string"}],"inLanguage":"pt-BR"}]}},"amp_enabled":true,"_links":{"self":[{"href":"https:\/\/guillermopareja.com\/pt\/wp-json\/wp\/v2\/pages\/560"}],"collection":[{"href":"https:\/\/guillermopareja.com\/pt\/wp-json\/wp\/v2\/pages"}],"about":[{"href":"https:\/\/guillermopareja.com\/pt\/wp-json\/wp\/v2\/types\/page"}],"author":[{"embeddable":true,"href":"https:\/\/guillermopareja.com\/pt\/wp-json\/wp\/v2\/users\/1"}],"replies":[{"embeddable":true,"href":"https:\/\/guillermopareja.com\/pt\/wp-json\/wp\/v2\/comments?post=560"}],"version-history":[{"count":0,"href":"https:\/\/guillermopareja.com\/pt\/wp-json\/wp\/v2\/pages\/560\/revisions"}],"wp:attachment":[{"href":"https:\/\/guillermopareja.com\/pt\/wp-json\/wp\/v2\/media?parent=560"}],"curies":[{"name":"wp","href":"https:\/\/api.w.org\/{rel}","templated":true}]}}