{"id":739,"date":"2010-06-28T22:52:19","date_gmt":"2010-06-29T01:52:19","guid":{"rendered":"http:\/\/guillermopareja.com\/?page_id=739"},"modified":"2018-11-15T22:39:27","modified_gmt":"2018-11-16T01:39:27","slug":"consultoria-marketing-digital","status":"publish","type":"page","link":"https:\/\/guillermopareja.com\/pt\/consultoria-marketing-digital\/","title":{"rendered":"Consultoria de marketing digital"},"content":{"rendered":"<p><img loading=\"lazy\" decoding=\"async\" class=\"size-large wp-image-3899 alignleft\" src=\"https:\/\/guillermopareja.com\/wp-content\/uploads\/2018\/11\/guillermo-pareja-2018.jpg\" alt=\"\" width=\"250\" height=\"250\" \/>Ajudo marcas e empresas de todos os portes a otimizar os resultados que obt\u00eam com suas a\u00e7\u00f5es de Marketing Digital.<\/p>\n<p>Se voc\u00ea contrata uma ag\u00eancia que n\u00e3o gera os resultados que voc\u00ea busca ou gerencia as campanhas do seu pr\u00f3prio empreendimento e percebeu que \u00e9 hora de crescer, eu posso te ajudar.<\/p>\n<p><strong><span style=\"color: #008000;\">Eu gerencio mais de US$1,200.000<\/span><\/strong> por ano para clientes de diversos pa\u00edses como: Argentina, M\u00e9xico, Peru, Espanha e EUA.<\/p>\n<p>Trabalho principalmente gerando leads e vendas de e-commerce para meus clientes, com um <strong>forte foco nos objetivos de neg\u00f3cios e retorno sobre o investimento<\/strong>.<\/p>\n<p><strong>Alguns de meus clientes s\u00e3o:<\/strong> <a href=\"http:\/\/accenture.com\/ar-es\/careers\/\">Accenture<\/a>, <a href=\"http:\/\/redcoachusa.com\/\">Red Coach EUA<\/a>, <a href=\"http:\/\/www.ritzycharters.com\/\">Ritzy Charters<\/a>,\u00a0<a href=\"https:\/\/superpet.pe\/\">Superpet.pe<\/a>, <a href=\"http:\/\/flyzar.com\/\">Flyzar<\/a>,\u00a0<a href=\"http:\/\/www.autodrive.com.ar\">AutoDrive<\/a>,\u00a0<a href=\"http:\/\/progenitest.com.ar\/\">ProgeniTest<\/a>, entre outros.<\/p>\n<p><strong>Eu trabalho seguindo um processo:<\/strong><\/p>\n<ol>\n<li>Libero os objetivos do seu neg\u00f3cio.<\/li>\n<li>Juntos, estabelecemos os principais indicadores de desempenho de suas campanhas.<\/li>\n<li>Crio um plano de Marketing Digital Integral personalizado para o seu neg\u00f3cio.<\/li>\n<li>Eu analiso os resultados gerados para otimizar o desempenho de suas campanhas.<\/li>\n<li>Otimizo suas campanhas de acordo com os resultados da an\u00e1lise.<\/li>\n<\/ol>\n<p><strong>Algumas das ferramentas que utilizo para atingir seus objetivos:<\/strong><\/p>\n<p><strong>Meios de comunica\u00e7\u00e3o: <\/strong>Google AdWords<strong>, <\/strong>An\u00fancios do Facebook<strong>, <\/strong>An\u00fancios no Twitter, Email Marketing e Redes Sociais.<\/p>\n<p><strong>Digital Analytics:<\/strong> Google Analytics, Gerenciador de tags do Google, mapas de calor, pesquisas on-line etc.<\/p>\n<p>Desta forma cobrimos desde a gera\u00e7\u00e3o de tr\u00e1fego e contactos \/ vendas, at\u00e9 \u00e0 posterior an\u00e1lise dos resultados para a optimiza\u00e7\u00e3o do retorno do seu investimento.<\/p>\n<p>Com meus clientes maiores, geralmente trabalho \u00e1reas bastante espec\u00edficas de suas necessidades de Marketing Digital, enquanto com meus clientes menores eu gerencio sua presen\u00e7a digital de forma integral.<\/p>\n<p>Se precisar de ajuda, n\u00e3o hesite em me contatar atrav\u00e9s do <a href=\"https:\/\/guillermopareja.com\/pt\/contato\/\">Formul\u00e1rio de contato<\/a> ou me adicione em <a href=\"https:\/\/ar.linkedin.com\/in\/guillermoparejab\">LinkedIn<\/a>.<\/p>","protected":false},"excerpt":{"rendered":"<p>Ajudo marcas e empresas de todos os portes a otimizar os resultados que obt\u00eam com suas a\u00e7\u00f5es de Marketing Digital. Se voc\u00ea contrata uma ag\u00eancia que n\u00e3o gera os resultados que voc\u00ea busca ou gerencia as campanhas do seu pr\u00f3prio empreendimento e percebeu que \u00e9 hora de crescer, eu posso te ajudar. Eu gerencio mais de US$1.200.000 para ...<\/p>","protected":false},"author":1,"featured_media":0,"parent":0,"menu_order":0,"comment_status":"open","ping_status":"open","template":"","meta":{"footnotes":""},"class_list":["post-739","page","type-page","status-publish","hentry"],"aioseo_notices":[],"yoast_head":"<!-- This site is optimized with the Yoast SEO plugin v23.2 - https:\/\/yoast.com\/wordpress\/plugins\/seo\/ -->\n<title>Consultor de Marketing Digital, Google Ads y Google Analytics - Guillermo Pareja<\/title>\n<meta name=\"description\" content=\"Consultor\u00eda de Google Adwords y Marketing en Motores de B\u00fasqueda de Guillermo Pareja.\" \/>\n<meta name=\"robots\" content=\"index, follow, max-snippet:-1, max-image-preview:large, max-video-preview:-1\" \/>\n<link rel=\"canonical\" href=\"https:\/\/guillermopareja.com\/pt\/consultoria-marketing-digital\/\" \/>\n<meta property=\"og:locale\" content=\"pt_BR\" \/>\n<meta property=\"og:type\" content=\"article\" \/>\n<meta property=\"og:title\" content=\"Consultor de Marketing Digital, Google Ads y Google Analytics - Guillermo Pareja\" \/>\n<meta property=\"og:description\" content=\"Consultor\u00eda de Google Adwords y Marketing en Motores de B\u00fasqueda de Guillermo Pareja.\" \/>\n<meta property=\"og:url\" content=\"https:\/\/guillermopareja.com\/pt\/consultoria-marketing-digital\/\" \/>\n<meta property=\"og:site_name\" content=\"Marketing y Anal\u00edtica Digital\" \/>\n<meta property=\"article:publisher\" content=\"https:\/\/www.facebook.com\/consultorgoogleadwords\/\" \/>\n<meta property=\"article:modified_time\" content=\"2018-11-16T01:39:27+00:00\" \/>\n<meta property=\"og:image\" content=\"https:\/\/guillermopareja.com\/wp-content\/uploads\/2018\/11\/guillermo-pareja-2018.jpg\" \/>\n<meta name=\"twitter:card\" content=\"summary_large_image\" \/>\n<meta name=\"twitter:site\" content=\"@guillepareja\" \/>\n<meta name=\"twitter:label1\" content=\"Est. tempo de leitura\" \/>\n\t<meta name=\"twitter:data1\" content=\"1 minuto\" \/>\n<script type=\"application\/ld+json\" class=\"yoast-schema-graph\">{\"@context\":\"https:\/\/schema.org\",\"@graph\":[{\"@type\":\"WebPage\",\"@id\":\"https:\/\/guillermopareja.com\/consultoria-marketing-digital\/\",\"url\":\"https:\/\/guillermopareja.com\/consultoria-marketing-digital\/\",\"name\":\"Consultor de Marketing Digital, Google Ads y Google Analytics - Guillermo Pareja\",\"isPartOf\":{\"@id\":\"https:\/\/guillermopareja.com\/de\/#website\"},\"primaryImageOfPage\":{\"@id\":\"https:\/\/guillermopareja.com\/consultoria-marketing-digital\/#primaryimage\"},\"image\":{\"@id\":\"https:\/\/guillermopareja.com\/consultoria-marketing-digital\/#primaryimage\"},\"thumbnailUrl\":\"https:\/\/guillermopareja.com\/wp-content\/uploads\/2018\/11\/guillermo-pareja-2018.jpg\",\"datePublished\":\"2010-06-29T01:52:19+00:00\",\"dateModified\":\"2018-11-16T01:39:27+00:00\",\"description\":\"Consultor\u00eda de Google Adwords y Marketing en Motores de B\u00fasqueda de Guillermo Pareja.\",\"breadcrumb\":{\"@id\":\"https:\/\/guillermopareja.com\/consultoria-marketing-digital\/#breadcrumb\"},\"inLanguage\":\"pt-BR\",\"potentialAction\":[{\"@type\":\"ReadAction\",\"target\":[\"https:\/\/guillermopareja.com\/consultoria-marketing-digital\/\"]}]},{\"@type\":\"ImageObject\",\"inLanguage\":\"pt-BR\",\"@id\":\"https:\/\/guillermopareja.com\/consultoria-marketing-digital\/#primaryimage\",\"url\":\"https:\/\/guillermopareja.com\/wp-content\/uploads\/2018\/11\/guillermo-pareja-2018.jpg\",\"contentUrl\":\"https:\/\/guillermopareja.com\/wp-content\/uploads\/2018\/11\/guillermo-pareja-2018.jpg\"},{\"@type\":\"BreadcrumbList\",\"@id\":\"https:\/\/guillermopareja.com\/consultoria-marketing-digital\/#breadcrumb\",\"itemListElement\":[{\"@type\":\"ListItem\",\"position\":1,\"name\":\"Home\",\"item\":\"https:\/\/guillermopareja.com\/de\/\"},{\"@type\":\"ListItem\",\"position\":2,\"name\":\"Consultor\u00eda de Marketing Digital\"}]},{\"@type\":\"WebSite\",\"@id\":\"https:\/\/guillermopareja.com\/de\/#website\",\"url\":\"https:\/\/guillermopareja.com\/de\/\",\"name\":\"Marketing y Anal\u00edtica Digital\",\"description\":\"Blog de Guillermo Pareja\",\"potentialAction\":[{\"@type\":\"SearchAction\",\"target\":{\"@type\":\"EntryPoint\",\"urlTemplate\":\"https:\/\/guillermopareja.com\/de\/?s={search_term_string}\"},\"query-input\":\"required name=search_term_string\"}],\"inLanguage\":\"pt-BR\"}]}<\/script>\n<!-- \/ Yoast SEO plugin. -->","yoast_head_json":{"title":"Consultor de Marketing Digital, Google Ads y Google Analytics - Guillermo Pareja","description":"Consultor\u00eda de Google Adwords y Marketing en Motores de B\u00fasqueda de Guillermo Pareja.","robots":{"index":"index","follow":"follow","max-snippet":"max-snippet:-1","max-image-preview":"max-image-preview:large","max-video-preview":"max-video-preview:-1"},"canonical":"https:\/\/guillermopareja.com\/pt\/consultoria-marketing-digital\/","og_locale":"pt_BR","og_type":"article","og_title":"Consultor de Marketing Digital, Google Ads y Google Analytics - Guillermo Pareja","og_description":"Consultor\u00eda de Google Adwords y Marketing en Motores de B\u00fasqueda de Guillermo Pareja.","og_url":"https:\/\/guillermopareja.com\/pt\/consultoria-marketing-digital\/","og_site_name":"Marketing y Anal\u00edtica Digital","article_publisher":"https:\/\/www.facebook.com\/consultorgoogleadwords\/","article_modified_time":"2018-11-16T01:39:27+00:00","og_image":[{"url":"https:\/\/guillermopareja.com\/wp-content\/uploads\/2018\/11\/guillermo-pareja-2018.jpg"}],"twitter_card":"summary_large_image","twitter_site":"@guillepareja","twitter_misc":{"Est. tempo de leitura":"1 minuto"},"schema":{"@context":"https:\/\/schema.org","@graph":[{"@type":"WebPage","@id":"https:\/\/guillermopareja.com\/consultoria-marketing-digital\/","url":"https:\/\/guillermopareja.com\/consultoria-marketing-digital\/","name":"Consultor de Marketing Digital, Google Ads y Google Analytics - Guillermo Pareja","isPartOf":{"@id":"https:\/\/guillermopareja.com\/de\/#website"},"primaryImageOfPage":{"@id":"https:\/\/guillermopareja.com\/consultoria-marketing-digital\/#primaryimage"},"image":{"@id":"https:\/\/guillermopareja.com\/consultoria-marketing-digital\/#primaryimage"},"thumbnailUrl":"https:\/\/guillermopareja.com\/wp-content\/uploads\/2018\/11\/guillermo-pareja-2018.jpg","datePublished":"2010-06-29T01:52:19+00:00","dateModified":"2018-11-16T01:39:27+00:00","description":"Consultor\u00eda de Google Adwords y Marketing en Motores de B\u00fasqueda de Guillermo Pareja.","breadcrumb":{"@id":"https:\/\/guillermopareja.com\/consultoria-marketing-digital\/#breadcrumb"},"inLanguage":"pt-BR","potentialAction":[{"@type":"ReadAction","target":["https:\/\/guillermopareja.com\/consultoria-marketing-digital\/"]}]},{"@type":"ImageObject","inLanguage":"pt-BR","@id":"https:\/\/guillermopareja.com\/consultoria-marketing-digital\/#primaryimage","url":"https:\/\/guillermopareja.com\/wp-content\/uploads\/2018\/11\/guillermo-pareja-2018.jpg","contentUrl":"https:\/\/guillermopareja.com\/wp-content\/uploads\/2018\/11\/guillermo-pareja-2018.jpg"},{"@type":"BreadcrumbList","@id":"https:\/\/guillermopareja.com\/consultoria-marketing-digital\/#breadcrumb","itemListElement":[{"@type":"ListItem","position":1,"name":"Home","item":"https:\/\/guillermopareja.com\/de\/"},{"@type":"ListItem","position":2,"name":"Consultor\u00eda de Marketing Digital"}]},{"@type":"WebSite","@id":"https:\/\/guillermopareja.com\/de\/#website","url":"https:\/\/guillermopareja.com\/de\/","name":"Marketing y Anal\u00edtica Digital","description":"Blog de Guillermo Pareja","potentialAction":[{"@type":"SearchAction","target":{"@type":"EntryPoint","urlTemplate":"https:\/\/guillermopareja.com\/de\/?s={search_term_string}"},"query-input":"required name=search_term_string"}],"inLanguage":"pt-BR"}]}},"amp_enabled":true,"_links":{"self":[{"href":"https:\/\/guillermopareja.com\/pt\/wp-json\/wp\/v2\/pages\/739"}],"collection":[{"href":"https:\/\/guillermopareja.com\/pt\/wp-json\/wp\/v2\/pages"}],"about":[{"href":"https:\/\/guillermopareja.com\/pt\/wp-json\/wp\/v2\/types\/page"}],"author":[{"embeddable":true,"href":"https:\/\/guillermopareja.com\/pt\/wp-json\/wp\/v2\/users\/1"}],"replies":[{"embeddable":true,"href":"https:\/\/guillermopareja.com\/pt\/wp-json\/wp\/v2\/comments?post=739"}],"version-history":[{"count":0,"href":"https:\/\/guillermopareja.com\/pt\/wp-json\/wp\/v2\/pages\/739\/revisions"}],"wp:attachment":[{"href":"https:\/\/guillermopareja.com\/pt\/wp-json\/wp\/v2\/media?parent=739"}],"curies":[{"name":"wp","href":"https:\/\/api.w.org\/{rel}","templated":true}]}}